{"id":788,"date":"2025-09-08T07:03:44","date_gmt":"2025-09-08T07:03:44","guid":{"rendered":"https:\/\/www.thebathcollection.com\/?page_id=788"},"modified":"2025-10-28T08:41:29","modified_gmt":"2025-10-28T08:41:29","slug":"legal-notice","status":"publish","type":"page","link":"https:\/\/www.thebathcollection.com\/en\/legal-notice\/","title":{"rendered":"Legal Notice"},"content":{"rendered":"<p>In accordance with the provisions of Law 34\/2002, of July 11, 2002, on Information Society Services and Electronic Commerce, you are provided with the following information:<\/p>\n<h3>Identification data<\/h3>\n<p>The Web page you are visiting, <a href=\"https:\/\/www.thebathcollection.com\/en\/\"><strong>www.thebathcollection.com,<\/strong><\/a> is owned by <strong>Bath Collection, S.L. <\/strong>with CIF <strong>B39541099 <\/strong>and registered office at <strong>Bajada El Caleruco, 21A, 39012, Santander, Cantabria<\/strong>.<\/p>\n<p>You can contact us at the following e-mail address: <a href=\"mailto:info@thebathcollection.com\"><strong>info@thebathcollection.com<\/strong>.<\/a><\/p>\n<h3>User. Terms and Conditions of Use<\/h3>\n<p>This legal notice establishes the conditions for the use of <a href=\"https:\/\/www.thebathcollection.com\/en\/\"><strong>www.thebathcollection.com<\/strong><\/a> and shall apply to all pages of the site. Access and \/ or use by the surfer attributes the condition of User.<\/p>\n<p>Access and\/or use of this website is the sole responsibility of the User and implies knowledge and acceptance of the conditions contained in this legal notice.<\/p>\n<p>The User must make lawful use of this website and its services in accordance with these terms and conditions of use and current legislation.<\/p>\n<h3>Limitation of Liability<\/h3>\n<p><strong>Bath Collection, S.L. <\/strong>makes every effort to update, maintain and operate its WEB site, offering the User this site as a tool for corporate information and services. However, it does not guarantee, nor is it responsible for the consequences that may arise from errors in the contents that may appear on the Web Page. <strong>Bath Collection, <\/strong><strong>S.L. <\/strong>cannot guarantee the absence of technical failures, the total security of the Web service, or that access will be uninterrupted or error-free.<\/p>\n<p><strong>Bath Collection, S.L. <\/strong>shall not be liable for any damages that may be caused to the User by an inappropriate use of the Web page. In particular, it shall not be held responsible in any way for any telecommunications failures, interruptions, faults or defects that may occur while the User is browsing the website.<\/p>\n<h3>Web Page Updates and Modifications.<\/h3>\n<p>The User may not alter, change, modify, or adapt the Web Page. <strong>Bath Collection, S.L. <\/strong>reserves the right to make as many updates, changes and modifications as it deems appropriate, and may make use of this right at any time and without prior notice. <strong>Bath Collection, S.L. <\/strong>reserves the right to unilaterally modify the conditions and terms of use of the Web Page, including this Legal Notice.<\/p>\n<h3>Industrial and Intellectual Property<\/h3>\n<p>This Web is property of <strong>Bath Collection, S.L. <\/strong>Intellectual Property rights and rights of exploitation and reproduction of this Web, its pages, screens, the information they contain, their appearance and design, as well as the links (\u00abhyperlinks\u00bb) that are established from it to other Web pages of any company advertising on it, are the exclusive property of the latter and other advertisers according to their corporate websites, unless expressly specified otherwise. Any denomination, design and\/or logo, photo, as well as any product or service offered and reflected in this Web page, are property of <strong>Bath Collection, S.L.<\/strong><\/p>\n<p>Any improper use of the same by persons other than their legitimate owner and without the express and unequivocal consent of the latter may be denounced and prosecuted through all legal means existing in the Spanish and\/or Community Legal System.<\/p>\n<p>The copyrights, intellectual property and trademarks of third parties, if any, are conveniently highlighted and must be respected by anyone who accesses this page, not being the responsibility of <strong>Bath Collection, S.L. <\/strong>the use that the User may carry out in this respect, being the sole responsibility of the User.<\/p>\n<p>The alteration of the content or structure of this Web Page by the User is strictly prohibited. <strong>Bath Collection, S.L. <\/strong>reserves the right to modify, suspend, cancel or restrict the content of the Web, the links or the information obtained through it, without prior notice. The latter, in no case, assumes any responsibility as a consequence of the incorrect use of the Web that the User may carry out, both of the information and of the services contained therein.<\/p>\n<h3>Hyperlinks<\/h3>\n<p>This Web Site may contain hyperlinks to other web sites of which the following links are available <strong>Bath Collection, S.L. <\/strong>is not the owner and is not responsible for the legality of the contents of the same.<\/p>\n<h3>Privacy Policy<\/h3>\n<p><a href=\"https:\/\/www.thebathcollection.com\/en\/privacy-policy\/\">View Privacy Policy<\/a><\/p>\n<h3>Use of Cookies<\/h3>\n<p><a href=\"https:\/\/www.thebathcollection.com\/en\/cookies-policy\/\">View Cookies Policy<\/a><\/p>","protected":false},"excerpt":{"rendered":"<p>De conformidad con lo dispuesto en la Ley 34\/2002, de 11 de julio, de Servicios de la Sociedad de la Informaci\u00f3n y de Comercio Electr\u00f3nico, se le facilita la siguiente informaci\u00f3n: Datos identificativos La p\u00e1gina Web que est\u00e1 usted visitando, www.thebathcollection.com, es titularidad de Bath Collection, S.L. con CIF B39541099 y domicilio social en Bajada [&hellip;]<\/p>\n","protected":false},"author":19,"featured_media":0,"parent":0,"menu_order":0,"comment_status":"closed","ping_status":"closed","template":"","meta":{"_acf_changed":false,"inline_featured_image":false,"footnotes":""},"class_list":["post-788","page","type-page","status-publish","hentry"],"acf":[],"yoast_head":"<!-- This site is optimized with the Yoast SEO plugin v27.4 - https:\/\/yoast.com\/product\/yoast-seo-wordpress\/ -->\n<title>Aviso Legal - Bathco<\/title>\n<meta name=\"robots\" content=\"index, follow, max-snippet:-1, max-image-preview:large, max-video-preview:-1\" \/>\n<link rel=\"canonical\" href=\"https:\/\/www.thebathcollection.com\/en\/legal-notice\/\" \/>\n<meta property=\"og:locale\" content=\"en_US\" \/>\n<meta property=\"og:type\" content=\"article\" \/>\n<meta property=\"og:title\" content=\"Aviso Legal - Bathco\" \/>\n<meta property=\"og:description\" content=\"De conformidad con lo dispuesto en la Ley 34\/2002, de 11 de julio, de Servicios de la Sociedad de la Informaci\u00f3n y de Comercio Electr\u00f3nico, se le facilita la siguiente informaci\u00f3n: Datos identificativos La p\u00e1gina Web que est\u00e1 usted visitando, www.thebathcollection.com, es titularidad de Bath Collection, S.L. con CIF B39541099 y domicilio social en Bajada [&hellip;]\" \/>\n<meta property=\"og:url\" content=\"https:\/\/www.thebathcollection.com\/en\/legal-notice\/\" \/>\n<meta property=\"og:site_name\" content=\"Bathco\" \/>\n<meta property=\"article:modified_time\" content=\"2025-10-28T08:41:29+00:00\" \/>\n<meta property=\"og:image\" content=\"https:\/\/www.thebathcollection.com\/wp-content\/uploads\/2025\/12\/Share-1200x630-1.png\" \/>\n\t<meta property=\"og:image:width\" content=\"1200\" \/>\n\t<meta property=\"og:image:height\" content=\"630\" \/>\n\t<meta property=\"og:image:type\" content=\"image\/png\" \/>\n<meta name=\"twitter:card\" content=\"summary_large_image\" \/>\n<meta name=\"twitter:label1\" content=\"Est. reading time\" \/>\n\t<meta name=\"twitter:data1\" content=\"4 minutes\" \/>\n<script type=\"application\/ld+json\" class=\"yoast-schema-graph\">{\"@context\":\"https:\\\/\\\/schema.org\",\"@graph\":[{\"@type\":\"WebPage\",\"@id\":\"https:\\\/\\\/www.thebathcollection.com\\\/aviso-legal\\\/\",\"url\":\"https:\\\/\\\/www.thebathcollection.com\\\/aviso-legal\\\/\",\"name\":\"Aviso Legal - Bathco\",\"isPartOf\":{\"@id\":\"https:\\\/\\\/www.thebathcollection.com\\\/#website\"},\"datePublished\":\"2025-09-08T07:03:44+00:00\",\"dateModified\":\"2025-10-28T08:41:29+00:00\",\"breadcrumb\":{\"@id\":\"https:\\\/\\\/www.thebathcollection.com\\\/aviso-legal\\\/#breadcrumb\"},\"inLanguage\":\"en-US\",\"potentialAction\":[{\"@type\":\"ReadAction\",\"target\":[\"https:\\\/\\\/www.thebathcollection.com\\\/aviso-legal\\\/\"]}]},{\"@type\":\"BreadcrumbList\",\"@id\":\"https:\\\/\\\/www.thebathcollection.com\\\/aviso-legal\\\/#breadcrumb\",\"itemListElement\":[{\"@type\":\"ListItem\",\"position\":1,\"name\":\"Home\",\"item\":\"https:\\\/\\\/www.thebathcollection.com\\\/\"},{\"@type\":\"ListItem\",\"position\":2,\"name\":\"Aviso Legal\"}]},{\"@type\":\"WebSite\",\"@id\":\"https:\\\/\\\/www.thebathcollection.com\\\/#website\",\"url\":\"https:\\\/\\\/www.thebathcollection.com\\\/\",\"name\":\"Bathco\",\"description\":\"Lavabos, sanitarios, platos de ducha y accesorios para el cuarto de ba\u00f1o\",\"potentialAction\":[{\"@type\":\"SearchAction\",\"target\":{\"@type\":\"EntryPoint\",\"urlTemplate\":\"https:\\\/\\\/www.thebathcollection.com\\\/?s={search_term_string}\"},\"query-input\":{\"@type\":\"PropertyValueSpecification\",\"valueRequired\":true,\"valueName\":\"search_term_string\"}}],\"inLanguage\":\"en-US\"}]}<\/script>\n<!-- \/ Yoast SEO plugin. -->","yoast_head_json":{"title":"Legal Notice - Bathco","robots":{"index":"index","follow":"follow","max-snippet":"max-snippet:-1","max-image-preview":"max-image-preview:large","max-video-preview":"max-video-preview:-1"},"canonical":"https:\/\/www.thebathcollection.com\/en\/legal-notice\/","og_locale":"en_US","og_type":"article","og_title":"Aviso Legal - Bathco","og_description":"De conformidad con lo dispuesto en la Ley 34\/2002, de 11 de julio, de Servicios de la Sociedad de la Informaci\u00f3n y de Comercio Electr\u00f3nico, se le facilita la siguiente informaci\u00f3n: Datos identificativos La p\u00e1gina Web que est\u00e1 usted visitando, www.thebathcollection.com, es titularidad de Bath Collection, S.L. con CIF B39541099 y domicilio social en Bajada [&hellip;]","og_url":"https:\/\/www.thebathcollection.com\/en\/legal-notice\/","og_site_name":"Bathco","article_modified_time":"2025-10-28T08:41:29+00:00","og_image":[{"width":1200,"height":630,"url":"https:\/\/www.thebathcollection.com\/wp-content\/uploads\/2025\/12\/Share-1200x630-1.png","type":"image\/png"}],"twitter_card":"summary_large_image","twitter_misc":{"Est. reading time":"4 minutes"},"schema":{"@context":"https:\/\/schema.org","@graph":[{"@type":"WebPage","@id":"https:\/\/www.thebathcollection.com\/aviso-legal\/","url":"https:\/\/www.thebathcollection.com\/aviso-legal\/","name":"Legal Notice - Bathco","isPartOf":{"@id":"https:\/\/www.thebathcollection.com\/#website"},"datePublished":"2025-09-08T07:03:44+00:00","dateModified":"2025-10-28T08:41:29+00:00","breadcrumb":{"@id":"https:\/\/www.thebathcollection.com\/aviso-legal\/#breadcrumb"},"inLanguage":"en-US","potentialAction":[{"@type":"ReadAction","target":["https:\/\/www.thebathcollection.com\/aviso-legal\/"]}]},{"@type":"BreadcrumbList","@id":"https:\/\/www.thebathcollection.com\/aviso-legal\/#breadcrumb","itemListElement":[{"@type":"ListItem","position":1,"name":"Home","item":"https:\/\/www.thebathcollection.com\/"},{"@type":"ListItem","position":2,"name":"Aviso Legal"}]},{"@type":"WebSite","@id":"https:\/\/www.thebathcollection.com\/#website","url":"https:\/\/www.thebathcollection.com\/","name":"Bathco","description":"Washbasins, toilets, shower trays and bathroom accessories","potentialAction":[{"@type":"SearchAction","target":{"@type":"EntryPoint","urlTemplate":"https:\/\/www.thebathcollection.com\/?s={search_term_string}"},"query-input":{"@type":"PropertyValueSpecification","valueRequired":true,"valueName":"search_term_string"}}],"inLanguage":"en-US"}]}},"_links":{"self":[{"href":"https:\/\/www.thebathcollection.com\/en\/wp-json\/wp\/v2\/pages\/788","targetHints":{"allow":["GET"]}}],"collection":[{"href":"https:\/\/www.thebathcollection.com\/en\/wp-json\/wp\/v2\/pages"}],"about":[{"href":"https:\/\/www.thebathcollection.com\/en\/wp-json\/wp\/v2\/types\/page"}],"author":[{"embeddable":true,"href":"https:\/\/www.thebathcollection.com\/en\/wp-json\/wp\/v2\/users\/19"}],"replies":[{"embeddable":true,"href":"https:\/\/www.thebathcollection.com\/en\/wp-json\/wp\/v2\/comments?post=788"}],"version-history":[{"count":9,"href":"https:\/\/www.thebathcollection.com\/en\/wp-json\/wp\/v2\/pages\/788\/revisions"}],"predecessor-version":[{"id":15620,"href":"https:\/\/www.thebathcollection.com\/en\/wp-json\/wp\/v2\/pages\/788\/revisions\/15620"}],"wp:attachment":[{"href":"https:\/\/www.thebathcollection.com\/en\/wp-json\/wp\/v2\/media?parent=788"}],"curies":[{"name":"wp","href":"https:\/\/api.w.org\/{rel}","templated":true}]}}