{"id":791,"date":"2025-09-08T07:04:44","date_gmt":"2025-09-08T07:04:44","guid":{"rendered":"https:\/\/www.thebathcollection.com\/?page_id=791"},"modified":"2025-10-28T09:00:58","modified_gmt":"2025-10-28T09:00:58","slug":"cookies-policy","status":"publish","type":"page","link":"https:\/\/www.thebathcollection.com\/en\/cookies-policy\/","title":{"rendered":"Cookie Policy"},"content":{"rendered":"<h3>Who is responsible for the use of cookies?<\/h3>\n<p>The responsible party is:<\/p>\n<ul>\n<li>Bath Collection, S.L. B39541099<\/li>\n<li>Bajada El Caleruco, 21A, 39012, Santander, Cantabria 942321222<\/li>\n<li><a href=\"mailto:info@thebathcollection.com\">info@thebathcollection.com<\/a><\/li>\n<\/ul>\n<p>We want to inform you clearly and precisely about the cookies we use, detailing below what a cookie is, what it is used for, what types of cookies we use, what their purposes are and how you can configure or disable them if you wish. Because we respect your right to privacy, you can choose not to allow us to use certain cookies.<\/p>\n<p>The legitimacy for the use of strictly functional cookies is given by the fact that the treatment is necessary to comply with a legal obligation, according to law 34\/2002 (Law of Services of the Information Society and Electronic Commerce).<\/p>\n<p>The legitimacy for the use of cookies for analytics, optimization, personalization, advertising and rating purposes is based on the consent you have been asked for, pursuant to Art. 6.1.a) of Regulation (EU) 2016\/679.<\/p>\n<h3>What is a cookie and what is it used for?<\/h3>\n<p>When you visit any website, platform, or application, such as <a href=\"https:\/\/www.thebathcollection.com\/en\/\"><strong>www.thebathcollection.com<\/strong>,<\/a> it may obtain or store information in your browser, usually through the use of cookies. This information may be about you, your preferences or your device, and is used primarily to make the site work as expected. Generally, the information does not directly identify you, but can provide you with a more personalized web experience.<\/p>\n<p>A \u00abCookie\u00bb is a small file that is stored on the user's computer, tablet, smartphone or any other device with information about navigation. The set of \u00abcookies\u00bb of all our users helps us to improve the quality of our website, allowing us to control which pages are useful, which are not and which are susceptible to improvement. Cookies are essential to the functioning of the Internet. They can be used for many different purposes, such as, for example, to recognize you as a user, obtain information about your browsing habits, or customize the way in which the content is shown to you, facilitating the navigation and usability of our website. In no case the cookies could damage your computer. On the other hand, the fact that they are active helps us to identify and resolve errors.<\/p>\n<h3>Different types of cookies<\/h3>\n<p><strong>\u00a0<\/strong><u>According to the entity that manages it<\/u>:<\/p>\n<h4>Own cookies:<\/h4>\n<p>They are those that are sent to your computer from our own computers or domains and from which we provide the service you request.<\/p>\n<h4>Third-party cookies:<\/h4>\n<p>They are those that are sent to your computer from a computer or domain that is not managed by us, but by another collaborating entity. As, for example, those used by social networks, or external content such as Google.<\/p>\n<p><u>According to purpose<\/u>:<\/p>\n<h4>Technical cookies:<\/h4>\n<p>They are those necessary for navigation and the proper functioning of our website. They allow you to navigate through a website, platform or application and the use of the different options or services that exist in it, including those we use to enable the management and operation of the website and enable our functions and services, such as, for example, control traffic and data communication, identify the session, access restricted parts, remember the elements that make up an order, make the purchase process of an order, manage the payment, control fraud linked to the security of the service, make the request for registration or participation in an event, count visits for the purpose of billing licenses of the software with which the service works (website, platform or application), use security features during navigation, store content for broadcasting videos or sound, enable dynamic content (for example, animation of loading a text or image) or share content through social networks. These cookies do not store any personally identifiable information.<\/p>\n<h4>Preference or personalization cookies:<\/h4>\n<p>They are those that allow you to remember information from previous connections to the site to access the service with predefined characteristics based on a number of criteria, such as language, the type of browser through which you access the service, the locale from which you access the service, etc.. These cookies allow our website to offer you better functionality and personalization. They may be set by us or by third parties whose services we have added to our pages.<\/p>\n<h4>Analysis or measurement cookies:<\/h4>\n<p>These allow us to track and analyze user behavior, including the quantification of the impact of advertisements, in order to make improvements based on the analysis of data on how users use our website, platform or application. They help us to know which pages are the most or least popular, and to see how many people visit us.<\/p>\n<h4>Advertising Cookies:<\/h4>\n<p>They allow us, through the storage and observation of your browsing habits, to show you targeted advertising based on your profile. These cookies may be site-wide, placed by us or our advertising partners. They can be used to create a profile of your interests and show you relevant ads on this or other sites. They do not store personal information directly, but are based on the unique identification of your browser and Internet access device. If you do not allow these cookies, you will have less targeted advertising.<\/p>\n<p><u>According to the length of time they remain activated<\/u>:<\/p>\n<h4>Session cookies:<\/h4>\n<p>They are temporary cookies that remain in the cookie file of your browser until you leave the website, so that none is recorded on the hard drive of your computer. The information obtained through these cookies is used to analyze web traffic patterns. In the long run, this allows us to provide a better experience to improve the content and facilitate its use.<\/p>\n<h4>Persistent cookies:<\/h4>\n<p>They are stored on the hard disk and our website reads them each time you make a new visit. A permanent cookie has a specific expiration date. The cookie will stop working after that date. These cookies are generally used to facilitate shopping and registration services.<\/p>\n<h3>Purpose of each of the cookies used:<\/h3>\n<p>Below, we detail the cookies used on our website or application and their purpose.<\/p>\n<p><strong>Cookies used in <a href=\"https:\/\/www.thebathcollection.com\/en\/\"><u>www.thebathcollection.com<\/u><\/a>:<\/strong><\/p>\n<table>\n<thead>\n<tr>\n<th><strong>Cookie name<\/strong><\/th>\n<th><strong>Server from which it is sent<\/strong><\/th>\n<th><strong>Type of cookie<\/strong><\/th>\n<th><strong>Own \/ Third parties<\/strong><\/th>\n<\/tr>\n<\/thead>\n<tbody>\n<tr>\n<td><code>PHPSESSID<\/code><\/td>\n<td><a href=\"https:\/\/www.thebathcollection.com\/en\/\">www.thebathcollection.com<\/a><\/td>\n<td>Technique<\/td>\n<td>Own<\/td>\n<\/tr>\n<tr>\n<td><code>cookieconsent_status<\/code><\/td>\n<td><a href=\"https:\/\/www.thebathcollection.com\/en\/\">www.thebathcollection.com<\/a><\/td>\n<td>Technique<\/td>\n<td>Own<\/td>\n<\/tr>\n<tr>\n<td><code>_ga<\/code><\/td>\n<td>.thebathcollection.com<\/td>\n<td>Analytics<\/td>\n<td>Google<\/td>\n<\/tr>\n<tr>\n<td><code>_gid<\/code><\/td>\n<td>.thebathcollection.com<\/td>\n<td>Analytics<\/td>\n<td>Google<\/td>\n<\/tr>\n<tr>\n<td><code>_gat_gtag_UA_*<\/code><\/td>\n<td>.thebathcollection.com<\/td>\n<td>Analytics<\/td>\n<td>Google<\/td>\n<\/tr>\n<tr>\n<td><code>_fbp<\/code><\/td>\n<td>.thebathcollection.com<\/td>\n<td>Advertising<\/td>\n<td>Meta (Facebook)<\/td>\n<\/tr>\n<tr>\n<td><code>_clck<\/code><\/td>\n<td>.thebathcollection.com<\/td>\n<td>Analytics<\/td>\n<td>Microsoft Clarity<\/td>\n<\/tr>\n<tr>\n<td><code>_clsk<\/code><\/td>\n<td>.thebathcollection.com<\/td>\n<td>Analytics<\/td>\n<td>Microsoft Clarity<\/td>\n<\/tr>\n<tr>\n<td><code>NID<\/code><\/td>\n<td>.google.com<\/td>\n<td>Technical \/ Analytical<\/td>\n<td>Google<\/td>\n<\/tr>\n<tr>\n<td><code>IDE<\/code><\/td>\n<td>.doubleclick.net<\/td>\n<td>Advertising<\/td>\n<td>Google<\/td>\n<\/tr>\n<tr>\n<td><code>YSC<\/code><\/td>\n<td>.youtube.com<\/td>\n<td>Technical \/ Advertising<\/td>\n<td>YouTube<\/td>\n<\/tr>\n<tr>\n<td><code>VISITOR_INFO1_LIVE<\/code><\/td>\n<td>.youtube.com<\/td>\n<td>Technical \/ Advertising<\/td>\n<td>YouTube<\/td>\n<\/tr>\n<\/tbody>\n<\/table>\n<p data-start=\"1329\" data-end=\"1381\"><strong data-start=\"1333\" data-end=\"1381\">Third-party cookie service providers:<\/strong><\/p>\n<div class=\"_tableContainer_1rjym_1\">\n<div class=\"group _tableWrapper_1rjym_13 flex w-fit flex-col-reverse\" tabindex=\"-1\">\n<table>\n<thead>\n<tr>\n<th><strong>Name of supplier<\/strong><\/th>\n<th><strong>Purpose of the cookie<\/strong><\/th>\n<th><strong>Description of purpose<\/strong><\/th>\n<\/tr>\n<\/thead>\n<tbody>\n<tr>\n<td><strong>Google Ltd<\/strong><\/td>\n<td>Analytics and Advertising<\/td>\n<td>It is used to analyze website traffic and measure user interaction. It is also used to display personalized ads based on user interests.<\/td>\n<\/tr>\n<tr>\n<td><strong>Meta Platforms, Inc. (Facebook)<\/strong><\/td>\n<td>Advertising<\/td>\n<td>Allows you to measure and improve the effectiveness of social media advertising campaigns and display relevant ads.<\/td>\n<\/tr>\n<tr>\n<td><strong>Microsoft Clarity<\/strong><\/td>\n<td>Analytics<\/td>\n<td>Analyzes user behavior through heat maps and anonymous session recordings to improve site usability.<\/td>\n<\/tr>\n<tr>\n<td><strong>YouTube (Google Ltd)<\/strong><\/td>\n<td>Technical \/ Advertising<\/td>\n<td>It allows the playback of videos embedded in the site and collects information about the user's interaction with such content.<\/td>\n<\/tr>\n<\/tbody>\n<\/table>\n<\/div>\n<\/div>\n<h3>How long will we keep the information?<\/h3>\n<p>We will keep the information as long as it is necessary for the provision of the requested service, until you express your opposition or until you revoke your consent. In these cases, the information will be duly blocked and we will not be able to use it while it is necessary for the exercise or defense of legal or contractual claims. Once this period of time has elapsed, your data will be definitively deleted.<\/p>\n<p>In cases where we obtain data automatically through cookies, please note that some may be installed for years. However, you can limit their use over time by deleting them from browsers or devices.<\/p>\n<h3>How can you configure or disable your cookies?<\/h3>\n<p>Special browser settings allow you to accept, block or disable all or some of the cookies on your device. The corresponding manual for the most popular browsers can be found here:<\/p>\n<ul>\n<li><strong>Chrome<\/strong> <u>https:\/\/support.google.com\/chrome\/answer\/95647?hl=es&amp;ref_topic=3434352<\/u><\/li>\n<li>Explorer <u>https:\/\/support.microsoft.com\/es-es\/help\/17442\/windows-internet-explorer-delete-<\/u> <u>manage-cookies<\/u><\/li>\n<\/ul>\n<ul>\n<li><strong>Firefox<\/strong> <u>https:\/\/support.mozilla.org\/es\/kb\/proteccion-antirrastreo-mejorada-en-firefox-para-e<\/u><\/li>\n<\/ul>\n<ul>\n<li><strong>Safari<\/strong> <u>https:\/\/support.apple.com\/es-es\/guide\/safari\/sfri11471\/mac<\/u> (mac) <u>https:\/\/support.apple.com\/es-es\/HT201265<\/u> (android)<\/li>\n<\/ul>\n<ul>\n<li><strong>Opera<\/strong> https:\/\/help.opera.com\/en\/latest\/security-and-privacy\/<\/li>\n<\/ul>\n<ul>\n<li><strong>Microsoft Edge<\/strong> https:\/\/support.microsoft.com\/en-us\/microsoft-edge\/view-cookies-in-microsoft-edge- a7d95376-f2cd-8e4a-25dc-1de753474879<\/li>\n<\/ul>\n<h3>Updates and changes to the privacy\/cookie policy:<\/h3>\n<p>The Services of <strong>Bath Collection, S.L. <\/strong>may modify this Cookies Policy according to legislative or regulatory requirements, or in order to adapt this policy to the instructions issued by the Spanish Data Protection Agency, so users are advised to visit it periodically.<\/p>","protected":false},"excerpt":{"rendered":"<p>\u00bfQui\u00e9n es el responsable del uso de las cookies? El responsable es: Bath Collection, S.L. B39541099 Bajada El Caleruco, 21A, 39012, Santander, Cantabria 942321222 info@thebathcollection.com Queremos informarte de manera clara y precisa sobre las cookies que utilizamos, detallando a continuaci\u00f3n, qu\u00e9 es una cookie, para qu\u00e9 sirve, qu\u00e9 tipos de cookies utilizamos, cu\u00e1les son sus [&hellip;]<\/p>\n","protected":false},"author":19,"featured_media":0,"parent":0,"menu_order":0,"comment_status":"closed","ping_status":"closed","template":"","meta":{"_acf_changed":false,"inline_featured_image":false,"footnotes":""},"class_list":["post-791","page","type-page","status-publish","hentry"],"acf":[],"yoast_head":"<!-- This site is optimized with the Yoast SEO plugin v27.4 - https:\/\/yoast.com\/product\/yoast-seo-wordpress\/ -->\n<title>Pol\u00edtica de cookies - Bathco<\/title>\n<meta name=\"robots\" content=\"index, follow, max-snippet:-1, max-image-preview:large, max-video-preview:-1\" \/>\n<link rel=\"canonical\" href=\"https:\/\/www.thebathcollection.com\/en\/cookies-policy\/\" \/>\n<meta property=\"og:locale\" content=\"en_US\" \/>\n<meta property=\"og:type\" content=\"article\" \/>\n<meta property=\"og:title\" content=\"Pol\u00edtica de cookies - Bathco\" \/>\n<meta property=\"og:description\" content=\"\u00bfQui\u00e9n es el responsable del uso de las cookies? El responsable es: Bath Collection, S.L. B39541099 Bajada El Caleruco, 21A, 39012, Santander, Cantabria 942321222 info@thebathcollection.com Queremos informarte de manera clara y precisa sobre las cookies que utilizamos, detallando a continuaci\u00f3n, qu\u00e9 es una cookie, para qu\u00e9 sirve, qu\u00e9 tipos de cookies utilizamos, cu\u00e1les son sus [&hellip;]\" \/>\n<meta property=\"og:url\" content=\"https:\/\/www.thebathcollection.com\/en\/cookies-policy\/\" \/>\n<meta property=\"og:site_name\" content=\"Bathco\" \/>\n<meta property=\"article:modified_time\" content=\"2025-10-28T09:00:58+00:00\" \/>\n<meta property=\"og:image\" content=\"https:\/\/www.thebathcollection.com\/wp-content\/uploads\/2025\/12\/Share-1200x630-1.png\" \/>\n\t<meta property=\"og:image:width\" content=\"1200\" \/>\n\t<meta property=\"og:image:height\" content=\"630\" \/>\n\t<meta property=\"og:image:type\" content=\"image\/png\" \/>\n<meta name=\"twitter:card\" content=\"summary_large_image\" \/>\n<meta name=\"twitter:label1\" content=\"Est. reading time\" \/>\n\t<meta name=\"twitter:data1\" content=\"7 minutes\" \/>\n<script type=\"application\/ld+json\" class=\"yoast-schema-graph\">{\"@context\":\"https:\\\/\\\/schema.org\",\"@graph\":[{\"@type\":\"WebPage\",\"@id\":\"https:\\\/\\\/www.thebathcollection.com\\\/politica-de-cookies\\\/\",\"url\":\"https:\\\/\\\/www.thebathcollection.com\\\/politica-de-cookies\\\/\",\"name\":\"Pol\u00edtica de cookies - Bathco\",\"isPartOf\":{\"@id\":\"https:\\\/\\\/www.thebathcollection.com\\\/#website\"},\"datePublished\":\"2025-09-08T07:04:44+00:00\",\"dateModified\":\"2025-10-28T09:00:58+00:00\",\"breadcrumb\":{\"@id\":\"https:\\\/\\\/www.thebathcollection.com\\\/politica-de-cookies\\\/#breadcrumb\"},\"inLanguage\":\"en-US\",\"potentialAction\":[{\"@type\":\"ReadAction\",\"target\":[\"https:\\\/\\\/www.thebathcollection.com\\\/politica-de-cookies\\\/\"]}]},{\"@type\":\"BreadcrumbList\",\"@id\":\"https:\\\/\\\/www.thebathcollection.com\\\/politica-de-cookies\\\/#breadcrumb\",\"itemListElement\":[{\"@type\":\"ListItem\",\"position\":1,\"name\":\"Home\",\"item\":\"https:\\\/\\\/www.thebathcollection.com\\\/\"},{\"@type\":\"ListItem\",\"position\":2,\"name\":\"Pol\u00edtica de cookies\"}]},{\"@type\":\"WebSite\",\"@id\":\"https:\\\/\\\/www.thebathcollection.com\\\/#website\",\"url\":\"https:\\\/\\\/www.thebathcollection.com\\\/\",\"name\":\"Bathco\",\"description\":\"Lavabos, sanitarios, platos de ducha y accesorios para el cuarto de ba\u00f1o\",\"potentialAction\":[{\"@type\":\"SearchAction\",\"target\":{\"@type\":\"EntryPoint\",\"urlTemplate\":\"https:\\\/\\\/www.thebathcollection.com\\\/?s={search_term_string}\"},\"query-input\":{\"@type\":\"PropertyValueSpecification\",\"valueRequired\":true,\"valueName\":\"search_term_string\"}}],\"inLanguage\":\"en-US\"}]}<\/script>\n<!-- \/ Yoast SEO plugin. -->","yoast_head_json":{"title":"Cookies policy - Bathco","robots":{"index":"index","follow":"follow","max-snippet":"max-snippet:-1","max-image-preview":"max-image-preview:large","max-video-preview":"max-video-preview:-1"},"canonical":"https:\/\/www.thebathcollection.com\/en\/cookies-policy\/","og_locale":"en_US","og_type":"article","og_title":"Pol\u00edtica de cookies - Bathco","og_description":"\u00bfQui\u00e9n es el responsable del uso de las cookies? El responsable es: Bath Collection, S.L. B39541099 Bajada El Caleruco, 21A, 39012, Santander, Cantabria 942321222 info@thebathcollection.com Queremos informarte de manera clara y precisa sobre las cookies que utilizamos, detallando a continuaci\u00f3n, qu\u00e9 es una cookie, para qu\u00e9 sirve, qu\u00e9 tipos de cookies utilizamos, cu\u00e1les son sus [&hellip;]","og_url":"https:\/\/www.thebathcollection.com\/en\/cookies-policy\/","og_site_name":"Bathco","article_modified_time":"2025-10-28T09:00:58+00:00","og_image":[{"width":1200,"height":630,"url":"https:\/\/www.thebathcollection.com\/wp-content\/uploads\/2025\/12\/Share-1200x630-1.png","type":"image\/png"}],"twitter_card":"summary_large_image","twitter_misc":{"Est. reading time":"7 minutes"},"schema":{"@context":"https:\/\/schema.org","@graph":[{"@type":"WebPage","@id":"https:\/\/www.thebathcollection.com\/politica-de-cookies\/","url":"https:\/\/www.thebathcollection.com\/politica-de-cookies\/","name":"Cookies policy - Bathco","isPartOf":{"@id":"https:\/\/www.thebathcollection.com\/#website"},"datePublished":"2025-09-08T07:04:44+00:00","dateModified":"2025-10-28T09:00:58+00:00","breadcrumb":{"@id":"https:\/\/www.thebathcollection.com\/politica-de-cookies\/#breadcrumb"},"inLanguage":"en-US","potentialAction":[{"@type":"ReadAction","target":["https:\/\/www.thebathcollection.com\/politica-de-cookies\/"]}]},{"@type":"BreadcrumbList","@id":"https:\/\/www.thebathcollection.com\/politica-de-cookies\/#breadcrumb","itemListElement":[{"@type":"ListItem","position":1,"name":"Home","item":"https:\/\/www.thebathcollection.com\/"},{"@type":"ListItem","position":2,"name":"Pol\u00edtica de cookies"}]},{"@type":"WebSite","@id":"https:\/\/www.thebathcollection.com\/#website","url":"https:\/\/www.thebathcollection.com\/","name":"Bathco","description":"Washbasins, toilets, shower trays and bathroom accessories","potentialAction":[{"@type":"SearchAction","target":{"@type":"EntryPoint","urlTemplate":"https:\/\/www.thebathcollection.com\/?s={search_term_string}"},"query-input":{"@type":"PropertyValueSpecification","valueRequired":true,"valueName":"search_term_string"}}],"inLanguage":"en-US"}]}},"_links":{"self":[{"href":"https:\/\/www.thebathcollection.com\/en\/wp-json\/wp\/v2\/pages\/791","targetHints":{"allow":["GET"]}}],"collection":[{"href":"https:\/\/www.thebathcollection.com\/en\/wp-json\/wp\/v2\/pages"}],"about":[{"href":"https:\/\/www.thebathcollection.com\/en\/wp-json\/wp\/v2\/types\/page"}],"author":[{"embeddable":true,"href":"https:\/\/www.thebathcollection.com\/en\/wp-json\/wp\/v2\/users\/19"}],"replies":[{"embeddable":true,"href":"https:\/\/www.thebathcollection.com\/en\/wp-json\/wp\/v2\/comments?post=791"}],"version-history":[{"count":9,"href":"https:\/\/www.thebathcollection.com\/en\/wp-json\/wp\/v2\/pages\/791\/revisions"}],"predecessor-version":[{"id":15629,"href":"https:\/\/www.thebathcollection.com\/en\/wp-json\/wp\/v2\/pages\/791\/revisions\/15629"}],"wp:attachment":[{"href":"https:\/\/www.thebathcollection.com\/en\/wp-json\/wp\/v2\/media?parent=791"}],"curies":[{"name":"wp","href":"https:\/\/api.w.org\/{rel}","templated":true}]}}