{"id":1882,"date":"2025-09-22T23:19:51","date_gmt":"2025-09-22T23:19:51","guid":{"rendered":"https:\/\/www.thebathcollection.com\/product\/grifo-monomando-de-ducha-serie-i\/"},"modified":"2026-02-15T22:27:05","modified_gmt":"2026-02-15T22:27:05","slug":"single-lever-wall-mounted-shower-faucet-i-series-2","status":"publish","type":"product","link":"https:\/\/www.thebathcollection.com\/en\/products\/single-lever-wall-mounted-shower-faucet-i-series-2\/","title":{"rendered":"Single lever shower faucet - Series I"},"content":{"rendered":"<p>A functional and sober collection that includes versions for bidet, shower and head shower. Clean-lined designs that guarantee durability and comfortable use.<\/p>","protected":false},"featured_media":1884,"template":"","acabado":[],"product_cat":[40,28,41],"coleccion":[],"colocacion":[633],"color":[617],"product_download":[],"forma":[],"material":[],"modelo":[292],"ubicacion":[616],"new_product":[],"class_list":["post-1882","product","type-product","status-publish","has-post-thumbnail","hentry","product_cat-accesorios","product_cat-complementos","product_cat-griferia","colocacion-ducha","color-gris-claro","modelo-griferia-serie-i","ubicacion-ducha"],"acf":[],"yoast_head":"<!-- This site is optimized with the Yoast SEO plugin v27.3 - https:\/\/yoast.com\/product\/yoast-seo-wordpress\/ -->\n<title>Grifo monomando de ducha - Serie I - Bathco<\/title>\n<meta name=\"robots\" content=\"index, follow, max-snippet:-1, max-image-preview:large, max-video-preview:-1\" \/>\n<link rel=\"canonical\" href=\"https:\/\/www.thebathcollection.com\/en\/products\/single-lever-wall-mounted-shower-faucet-i-series-2\/\" \/>\n<meta property=\"og:locale\" content=\"en_US\" \/>\n<meta property=\"og:type\" content=\"article\" \/>\n<meta property=\"og:title\" content=\"Grifo monomando de ducha - Serie I - Bathco\" \/>\n<meta property=\"og:description\" content=\"Una colecci\u00f3n funcional y sobria que incluye versiones para bid\u00e9, ducha y ducha mural. Dise\u00f1os de l\u00edneas limpias que garantizan durabilidad y uso c\u00f3modo.\" \/>\n<meta property=\"og:url\" content=\"https:\/\/www.thebathcollection.com\/en\/products\/single-lever-wall-mounted-shower-faucet-i-series-2\/\" \/>\n<meta property=\"og:site_name\" content=\"Bathco\" \/>\n<meta property=\"article:modified_time\" content=\"2026-02-15T22:27:05+00:00\" \/>\n<meta property=\"og:image\" content=\"https:\/\/www.thebathcollection.com\/wp-content\/uploads\/2025\/09\/14314_es-the-bath-collection-ref-18004-Real.jpg\" \/>\n\t<meta property=\"og:image:width\" content=\"1200\" \/>\n\t<meta property=\"og:image:height\" content=\"900\" \/>\n\t<meta property=\"og:image:type\" content=\"image\/jpeg\" \/>\n<meta name=\"twitter:card\" content=\"summary_large_image\" \/>\n<script type=\"application\/ld+json\" class=\"yoast-schema-graph\">{\"@context\":\"https:\\\/\\\/schema.org\",\"@graph\":[{\"@type\":\"WebPage\",\"@id\":\"https:\\\/\\\/www.thebathcollection.com\\\/productos\\\/grifo-monomando-de-ducha-mural-serie-i-2\\\/\",\"url\":\"https:\\\/\\\/www.thebathcollection.com\\\/productos\\\/grifo-monomando-de-ducha-mural-serie-i-2\\\/\",\"name\":\"Grifo monomando de ducha - Serie I - Bathco\",\"isPartOf\":{\"@id\":\"https:\\\/\\\/www.thebathcollection.com\\\/#website\"},\"primaryImageOfPage\":{\"@id\":\"https:\\\/\\\/www.thebathcollection.com\\\/productos\\\/grifo-monomando-de-ducha-mural-serie-i-2\\\/#primaryimage\"},\"image\":{\"@id\":\"https:\\\/\\\/www.thebathcollection.com\\\/productos\\\/grifo-monomando-de-ducha-mural-serie-i-2\\\/#primaryimage\"},\"thumbnailUrl\":\"https:\\\/\\\/www.thebathcollection.com\\\/wp-content\\\/uploads\\\/2025\\\/09\\\/14314_es-the-bath-collection-ref-18004-Real.jpg\",\"datePublished\":\"2025-09-22T23:19:51+00:00\",\"dateModified\":\"2026-02-15T22:27:05+00:00\",\"breadcrumb\":{\"@id\":\"https:\\\/\\\/www.thebathcollection.com\\\/productos\\\/grifo-monomando-de-ducha-mural-serie-i-2\\\/#breadcrumb\"},\"inLanguage\":\"en-US\",\"potentialAction\":[{\"@type\":\"ReadAction\",\"target\":[\"https:\\\/\\\/www.thebathcollection.com\\\/productos\\\/grifo-monomando-de-ducha-mural-serie-i-2\\\/\"]}]},{\"@type\":\"ImageObject\",\"inLanguage\":\"en-US\",\"@id\":\"https:\\\/\\\/www.thebathcollection.com\\\/productos\\\/grifo-monomando-de-ducha-mural-serie-i-2\\\/#primaryimage\",\"url\":\"https:\\\/\\\/www.thebathcollection.com\\\/wp-content\\\/uploads\\\/2025\\\/09\\\/14314_es-the-bath-collection-ref-18004-Real.jpg\",\"contentUrl\":\"https:\\\/\\\/www.thebathcollection.com\\\/wp-content\\\/uploads\\\/2025\\\/09\\\/14314_es-the-bath-collection-ref-18004-Real.jpg\",\"width\":1200,\"height\":900},{\"@type\":\"BreadcrumbList\",\"@id\":\"https:\\\/\\\/www.thebathcollection.com\\\/productos\\\/grifo-monomando-de-ducha-mural-serie-i-2\\\/#breadcrumb\",\"itemListElement\":[{\"@type\":\"ListItem\",\"position\":1,\"name\":\"Home\",\"item\":\"https:\\\/\\\/www.thebathcollection.com\\\/\"},{\"@type\":\"ListItem\",\"position\":2,\"name\":\"Productos\",\"item\":\"https:\\\/\\\/www.thebathcollection.com\\\/productos\\\/\"},{\"@type\":\"ListItem\",\"position\":3,\"name\":\"Grifo monomando de ducha &#8211; Serie I\"}]},{\"@type\":\"WebSite\",\"@id\":\"https:\\\/\\\/www.thebathcollection.com\\\/#website\",\"url\":\"https:\\\/\\\/www.thebathcollection.com\\\/\",\"name\":\"Bathco\",\"description\":\"Lavabos, sanitarios, platos de ducha y accesorios para el cuarto de ba\u00f1o\",\"potentialAction\":[{\"@type\":\"SearchAction\",\"target\":{\"@type\":\"EntryPoint\",\"urlTemplate\":\"https:\\\/\\\/www.thebathcollection.com\\\/?s={search_term_string}\"},\"query-input\":{\"@type\":\"PropertyValueSpecification\",\"valueRequired\":true,\"valueName\":\"search_term_string\"}}],\"inLanguage\":\"en-US\"}]}<\/script>\n<!-- \/ Yoast SEO plugin. -->","yoast_head_json":{"title":"Single lever shower faucet - Series I - Bathco","robots":{"index":"index","follow":"follow","max-snippet":"max-snippet:-1","max-image-preview":"max-image-preview:large","max-video-preview":"max-video-preview:-1"},"canonical":"https:\/\/www.thebathcollection.com\/en\/products\/single-lever-wall-mounted-shower-faucet-i-series-2\/","og_locale":"en_US","og_type":"article","og_title":"Grifo monomando de ducha - Serie I - Bathco","og_description":"Una colecci\u00f3n funcional y sobria que incluye versiones para bid\u00e9, ducha y ducha mural. Dise\u00f1os de l\u00edneas limpias que garantizan durabilidad y uso c\u00f3modo.","og_url":"https:\/\/www.thebathcollection.com\/en\/products\/single-lever-wall-mounted-shower-faucet-i-series-2\/","og_site_name":"Bathco","article_modified_time":"2026-02-15T22:27:05+00:00","og_image":[{"width":1200,"height":900,"url":"https:\/\/www.thebathcollection.com\/wp-content\/uploads\/2025\/09\/14314_es-the-bath-collection-ref-18004-Real.jpg","type":"image\/jpeg"}],"twitter_card":"summary_large_image","schema":{"@context":"https:\/\/schema.org","@graph":[{"@type":"WebPage","@id":"https:\/\/www.thebathcollection.com\/productos\/grifo-monomando-de-ducha-mural-serie-i-2\/","url":"https:\/\/www.thebathcollection.com\/productos\/grifo-monomando-de-ducha-mural-serie-i-2\/","name":"Single lever shower faucet - Series I - Bathco","isPartOf":{"@id":"https:\/\/www.thebathcollection.com\/#website"},"primaryImageOfPage":{"@id":"https:\/\/www.thebathcollection.com\/productos\/grifo-monomando-de-ducha-mural-serie-i-2\/#primaryimage"},"image":{"@id":"https:\/\/www.thebathcollection.com\/productos\/grifo-monomando-de-ducha-mural-serie-i-2\/#primaryimage"},"thumbnailUrl":"https:\/\/www.thebathcollection.com\/wp-content\/uploads\/2025\/09\/14314_es-the-bath-collection-ref-18004-Real.jpg","datePublished":"2025-09-22T23:19:51+00:00","dateModified":"2026-02-15T22:27:05+00:00","breadcrumb":{"@id":"https:\/\/www.thebathcollection.com\/productos\/grifo-monomando-de-ducha-mural-serie-i-2\/#breadcrumb"},"inLanguage":"en-US","potentialAction":[{"@type":"ReadAction","target":["https:\/\/www.thebathcollection.com\/productos\/grifo-monomando-de-ducha-mural-serie-i-2\/"]}]},{"@type":"ImageObject","inLanguage":"en-US","@id":"https:\/\/www.thebathcollection.com\/productos\/grifo-monomando-de-ducha-mural-serie-i-2\/#primaryimage","url":"https:\/\/www.thebathcollection.com\/wp-content\/uploads\/2025\/09\/14314_es-the-bath-collection-ref-18004-Real.jpg","contentUrl":"https:\/\/www.thebathcollection.com\/wp-content\/uploads\/2025\/09\/14314_es-the-bath-collection-ref-18004-Real.jpg","width":1200,"height":900},{"@type":"BreadcrumbList","@id":"https:\/\/www.thebathcollection.com\/productos\/grifo-monomando-de-ducha-mural-serie-i-2\/#breadcrumb","itemListElement":[{"@type":"ListItem","position":1,"name":"Home","item":"https:\/\/www.thebathcollection.com\/"},{"@type":"ListItem","position":2,"name":"Productos","item":"https:\/\/www.thebathcollection.com\/productos\/"},{"@type":"ListItem","position":3,"name":"Grifo monomando de ducha &#8211; Serie I"}]},{"@type":"WebSite","@id":"https:\/\/www.thebathcollection.com\/#website","url":"https:\/\/www.thebathcollection.com\/","name":"Bathco","description":"Washbasins, toilets, shower trays and bathroom accessories","potentialAction":[{"@type":"SearchAction","target":{"@type":"EntryPoint","urlTemplate":"https:\/\/www.thebathcollection.com\/?s={search_term_string}"},"query-input":{"@type":"PropertyValueSpecification","valueRequired":true,"valueName":"search_term_string"}}],"inLanguage":"en-US"}]}},"_links":{"self":[{"href":"https:\/\/www.thebathcollection.com\/en\/wp-json\/wp\/v2\/product\/1882","targetHints":{"allow":["GET"]}}],"collection":[{"href":"https:\/\/www.thebathcollection.com\/en\/wp-json\/wp\/v2\/product"}],"about":[{"href":"https:\/\/www.thebathcollection.com\/en\/wp-json\/wp\/v2\/types\/product"}],"wp:featuredmedia":[{"embeddable":true,"href":"https:\/\/www.thebathcollection.com\/en\/wp-json\/wp\/v2\/media\/1884"}],"wp:attachment":[{"href":"https:\/\/www.thebathcollection.com\/en\/wp-json\/wp\/v2\/media?parent=1882"}],"wp:term":[{"taxonomy":"acabado","embeddable":true,"href":"https:\/\/www.thebathcollection.com\/en\/wp-json\/wp\/v2\/acabado?post=1882"},{"taxonomy":"product_cat","embeddable":true,"href":"https:\/\/www.thebathcollection.com\/en\/wp-json\/wp\/v2\/product_cat?post=1882"},{"taxonomy":"coleccion","embeddable":true,"href":"https:\/\/www.thebathcollection.com\/en\/wp-json\/wp\/v2\/coleccion?post=1882"},{"taxonomy":"colocacion","embeddable":true,"href":"https:\/\/www.thebathcollection.com\/en\/wp-json\/wp\/v2\/colocacion?post=1882"},{"taxonomy":"color","embeddable":true,"href":"https:\/\/www.thebathcollection.com\/en\/wp-json\/wp\/v2\/color?post=1882"},{"taxonomy":"product_download","embeddable":true,"href":"https:\/\/www.thebathcollection.com\/en\/wp-json\/wp\/v2\/product_download?post=1882"},{"taxonomy":"forma","embeddable":true,"href":"https:\/\/www.thebathcollection.com\/en\/wp-json\/wp\/v2\/forma?post=1882"},{"taxonomy":"material","embeddable":true,"href":"https:\/\/www.thebathcollection.com\/en\/wp-json\/wp\/v2\/material?post=1882"},{"taxonomy":"modelo","embeddable":true,"href":"https:\/\/www.thebathcollection.com\/en\/wp-json\/wp\/v2\/modelo?post=1882"},{"taxonomy":"ubicacion","embeddable":true,"href":"https:\/\/www.thebathcollection.com\/en\/wp-json\/wp\/v2\/ubicacion?post=1882"},{"taxonomy":"new_product","embeddable":true,"href":"https:\/\/www.thebathcollection.com\/en\/wp-json\/wp\/v2\/new_product?post=1882"}],"curies":[{"name":"wp","href":"https:\/\/api.w.org\/{rel}","templated":true}]}}