{"id":2038,"date":"2025-09-22T23:21:32","date_gmt":"2025-09-22T23:21:32","guid":{"rendered":"https:\/\/www.thebathcollection.com\/product\/lavabo-new-lys-crudo-terrazo-gris\/"},"modified":"2026-02-23T10:06:41","modified_gmt":"2026-02-23T10:06:41","slug":"new-lys-crudo-terrazo-gris","status":"publish","type":"product","link":"https:\/\/www.thebathcollection.com\/en\/products\/new-lys-crudo-terrazo-gris\/","title":{"rendered":"New Lys Ecru Terrazzo Gray"},"content":{"rendered":"<p>A series of circular washbasins in decorated porcelain, available in multiple artistic finishes. Each piece is designed for countertop, with versions in white or natural porcelain, becoming expressive elements full of character.<\/p>","protected":false},"featured_media":5205,"template":"","acabado":[328,17],"product_cat":[607,29],"coleccion":[638,34],"colocacion":[22],"color":[617],"product_download":[672,660,659],"forma":[4],"material":[11],"modelo":[321],"ubicacion":[],"new_product":[],"class_list":["post-2038","product","type-product","status-publish","has-post-thumbnail","hentry","acabado-porcelana-natural","acabado-decorado","product_cat-sobre-encimera","product_cat-lavabos","coleccion-lavabos","coleccion-essentials","colocacion-sobre-encimera","color-gris-claro","product_download-dc-lavabos-porcelana","product_download-dp-lavabos-de-porcelana-sin-rebosadero","product_download-manual-de-mantenimiento","forma-circular","material-porcelana","modelo-new-lys-deco"],"acf":[],"yoast_head":"<!-- This site is optimized with the Yoast SEO plugin v27.4 - https:\/\/yoast.com\/product\/yoast-seo-wordpress\/ -->\n<title>New Lys Crudo Terrazo Gris - Lavabo decorado circular sobre encimera - Bathco<\/title>\n<meta name=\"robots\" content=\"index, follow, max-snippet:-1, max-image-preview:large, max-video-preview:-1\" \/>\n<link rel=\"canonical\" href=\"https:\/\/www.thebathcollection.com\/en\/products\/new-lys-crudo-terrazo-gris\/\" \/>\n<meta property=\"og:locale\" content=\"en_US\" \/>\n<meta property=\"og:type\" content=\"article\" \/>\n<meta property=\"og:title\" content=\"New Lys Crudo Terrazo Gris - Lavabo decorado circular sobre encimera - Bathco\" \/>\n<meta property=\"og:description\" content=\"Una serie de lavabos circulares en porcelana decorada, disponibles en m\u00faltiples acabados art\u00edsticos. Cada pieza est\u00e1 dise\u00f1ada para sobre encimera, con versiones en porcelana blanca o natural, convirti\u00e9ndose en elementos expresivos y llenos de car\u00e1cter.\" \/>\n<meta property=\"og:url\" content=\"https:\/\/www.thebathcollection.com\/en\/products\/new-lys-crudo-terrazo-gris\/\" \/>\n<meta property=\"og:site_name\" content=\"Bathco\" \/>\n<meta property=\"article:modified_time\" content=\"2026-02-23T10:06:41+00:00\" \/>\n<meta property=\"og:image\" content=\"https:\/\/www.thebathcollection.com\/wp-content\/uploads\/2025\/10\/4084_CRU_71_NEWLYS_TERRAZO_GRIS_.jpg\" \/>\n\t<meta property=\"og:image:width\" content=\"1200\" \/>\n\t<meta property=\"og:image:height\" content=\"900\" \/>\n\t<meta property=\"og:image:type\" content=\"image\/jpeg\" \/>\n<meta name=\"twitter:card\" content=\"summary_large_image\" \/>\n<meta name=\"twitter:label1\" content=\"Est. reading time\" \/>\n\t<meta name=\"twitter:data1\" content=\"1 minute\" \/>\n<script type=\"application\/ld+json\" class=\"yoast-schema-graph\">{\"@context\":\"https:\\\/\\\/schema.org\",\"@graph\":[{\"@type\":\"WebPage\",\"@id\":\"https:\\\/\\\/www.thebathcollection.com\\\/productos\\\/new-lys-crudo-terrazo-gris\\\/\",\"url\":\"https:\\\/\\\/www.thebathcollection.com\\\/productos\\\/new-lys-crudo-terrazo-gris\\\/\",\"name\":\"New Lys Crudo Terrazo Gris - Lavabo decorado circular sobre encimera - Bathco\",\"isPartOf\":{\"@id\":\"https:\\\/\\\/www.thebathcollection.com\\\/#website\"},\"primaryImageOfPage\":{\"@id\":\"https:\\\/\\\/www.thebathcollection.com\\\/productos\\\/new-lys-crudo-terrazo-gris\\\/#primaryimage\"},\"image\":{\"@id\":\"https:\\\/\\\/www.thebathcollection.com\\\/productos\\\/new-lys-crudo-terrazo-gris\\\/#primaryimage\"},\"thumbnailUrl\":\"https:\\\/\\\/www.thebathcollection.com\\\/wp-content\\\/uploads\\\/2025\\\/10\\\/4084_CRU_71_NEWLYS_TERRAZO_GRIS_.jpg\",\"datePublished\":\"2025-09-22T23:21:32+00:00\",\"dateModified\":\"2026-02-23T10:06:41+00:00\",\"breadcrumb\":{\"@id\":\"https:\\\/\\\/www.thebathcollection.com\\\/productos\\\/new-lys-crudo-terrazo-gris\\\/#breadcrumb\"},\"inLanguage\":\"en-US\",\"potentialAction\":[{\"@type\":\"ReadAction\",\"target\":[\"https:\\\/\\\/www.thebathcollection.com\\\/productos\\\/new-lys-crudo-terrazo-gris\\\/\"]}]},{\"@type\":\"ImageObject\",\"inLanguage\":\"en-US\",\"@id\":\"https:\\\/\\\/www.thebathcollection.com\\\/productos\\\/new-lys-crudo-terrazo-gris\\\/#primaryimage\",\"url\":\"https:\\\/\\\/www.thebathcollection.com\\\/wp-content\\\/uploads\\\/2025\\\/10\\\/4084_CRU_71_NEWLYS_TERRAZO_GRIS_.jpg\",\"contentUrl\":\"https:\\\/\\\/www.thebathcollection.com\\\/wp-content\\\/uploads\\\/2025\\\/10\\\/4084_CRU_71_NEWLYS_TERRAZO_GRIS_.jpg\",\"width\":1200,\"height\":900},{\"@type\":\"BreadcrumbList\",\"@id\":\"https:\\\/\\\/www.thebathcollection.com\\\/productos\\\/new-lys-crudo-terrazo-gris\\\/#breadcrumb\",\"itemListElement\":[{\"@type\":\"ListItem\",\"position\":1,\"name\":\"Home\",\"item\":\"https:\\\/\\\/www.thebathcollection.com\\\/\"},{\"@type\":\"ListItem\",\"position\":2,\"name\":\"Productos\",\"item\":\"https:\\\/\\\/www.thebathcollection.com\\\/productos\\\/\"},{\"@type\":\"ListItem\",\"position\":3,\"name\":\"New Lys Crudo Terrazo Gris\"}]},{\"@type\":\"WebSite\",\"@id\":\"https:\\\/\\\/www.thebathcollection.com\\\/#website\",\"url\":\"https:\\\/\\\/www.thebathcollection.com\\\/\",\"name\":\"Bathco\",\"description\":\"Lavabos, sanitarios, platos de ducha y accesorios para el cuarto de ba\u00f1o\",\"potentialAction\":[{\"@type\":\"SearchAction\",\"target\":{\"@type\":\"EntryPoint\",\"urlTemplate\":\"https:\\\/\\\/www.thebathcollection.com\\\/?s={search_term_string}\"},\"query-input\":{\"@type\":\"PropertyValueSpecification\",\"valueRequired\":true,\"valueName\":\"search_term_string\"}}],\"inLanguage\":\"en-US\"}]}<\/script>\n<!-- \/ Yoast SEO plugin. -->","yoast_head_json":{"title":"New Lys Crudo Terrazo Gris - Lavabo decorado circular sobre encimera - Bathco","robots":{"index":"index","follow":"follow","max-snippet":"max-snippet:-1","max-image-preview":"max-image-preview:large","max-video-preview":"max-video-preview:-1"},"canonical":"https:\/\/www.thebathcollection.com\/en\/products\/new-lys-crudo-terrazo-gris\/","og_locale":"en_US","og_type":"article","og_title":"New Lys Crudo Terrazo Gris - Lavabo decorado circular sobre encimera - Bathco","og_description":"Una serie de lavabos circulares en porcelana decorada, disponibles en m\u00faltiples acabados art\u00edsticos. Cada pieza est\u00e1 dise\u00f1ada para sobre encimera, con versiones en porcelana blanca o natural, convirti\u00e9ndose en elementos expresivos y llenos de car\u00e1cter.","og_url":"https:\/\/www.thebathcollection.com\/en\/products\/new-lys-crudo-terrazo-gris\/","og_site_name":"Bathco","article_modified_time":"2026-02-23T10:06:41+00:00","og_image":[{"width":1200,"height":900,"url":"https:\/\/www.thebathcollection.com\/wp-content\/uploads\/2025\/10\/4084_CRU_71_NEWLYS_TERRAZO_GRIS_.jpg","type":"image\/jpeg"}],"twitter_card":"summary_large_image","twitter_misc":{"Est. reading time":"1 minute"},"schema":{"@context":"https:\/\/schema.org","@graph":[{"@type":"WebPage","@id":"https:\/\/www.thebathcollection.com\/productos\/new-lys-crudo-terrazo-gris\/","url":"https:\/\/www.thebathcollection.com\/productos\/new-lys-crudo-terrazo-gris\/","name":"New Lys Crudo Terrazo Gris - Lavabo decorado circular sobre encimera - Bathco","isPartOf":{"@id":"https:\/\/www.thebathcollection.com\/#website"},"primaryImageOfPage":{"@id":"https:\/\/www.thebathcollection.com\/productos\/new-lys-crudo-terrazo-gris\/#primaryimage"},"image":{"@id":"https:\/\/www.thebathcollection.com\/productos\/new-lys-crudo-terrazo-gris\/#primaryimage"},"thumbnailUrl":"https:\/\/www.thebathcollection.com\/wp-content\/uploads\/2025\/10\/4084_CRU_71_NEWLYS_TERRAZO_GRIS_.jpg","datePublished":"2025-09-22T23:21:32+00:00","dateModified":"2026-02-23T10:06:41+00:00","breadcrumb":{"@id":"https:\/\/www.thebathcollection.com\/productos\/new-lys-crudo-terrazo-gris\/#breadcrumb"},"inLanguage":"en-US","potentialAction":[{"@type":"ReadAction","target":["https:\/\/www.thebathcollection.com\/productos\/new-lys-crudo-terrazo-gris\/"]}]},{"@type":"ImageObject","inLanguage":"en-US","@id":"https:\/\/www.thebathcollection.com\/productos\/new-lys-crudo-terrazo-gris\/#primaryimage","url":"https:\/\/www.thebathcollection.com\/wp-content\/uploads\/2025\/10\/4084_CRU_71_NEWLYS_TERRAZO_GRIS_.jpg","contentUrl":"https:\/\/www.thebathcollection.com\/wp-content\/uploads\/2025\/10\/4084_CRU_71_NEWLYS_TERRAZO_GRIS_.jpg","width":1200,"height":900},{"@type":"BreadcrumbList","@id":"https:\/\/www.thebathcollection.com\/productos\/new-lys-crudo-terrazo-gris\/#breadcrumb","itemListElement":[{"@type":"ListItem","position":1,"name":"Home","item":"https:\/\/www.thebathcollection.com\/"},{"@type":"ListItem","position":2,"name":"Productos","item":"https:\/\/www.thebathcollection.com\/productos\/"},{"@type":"ListItem","position":3,"name":"New Lys Crudo Terrazo Gris"}]},{"@type":"WebSite","@id":"https:\/\/www.thebathcollection.com\/#website","url":"https:\/\/www.thebathcollection.com\/","name":"Bathco","description":"Washbasins, toilets, shower trays and bathroom accessories","potentialAction":[{"@type":"SearchAction","target":{"@type":"EntryPoint","urlTemplate":"https:\/\/www.thebathcollection.com\/?s={search_term_string}"},"query-input":{"@type":"PropertyValueSpecification","valueRequired":true,"valueName":"search_term_string"}}],"inLanguage":"en-US"}]}},"_links":{"self":[{"href":"https:\/\/www.thebathcollection.com\/en\/wp-json\/wp\/v2\/product\/2038","targetHints":{"allow":["GET"]}}],"collection":[{"href":"https:\/\/www.thebathcollection.com\/en\/wp-json\/wp\/v2\/product"}],"about":[{"href":"https:\/\/www.thebathcollection.com\/en\/wp-json\/wp\/v2\/types\/product"}],"wp:featuredmedia":[{"embeddable":true,"href":"https:\/\/www.thebathcollection.com\/en\/wp-json\/wp\/v2\/media\/5205"}],"wp:attachment":[{"href":"https:\/\/www.thebathcollection.com\/en\/wp-json\/wp\/v2\/media?parent=2038"}],"wp:term":[{"taxonomy":"acabado","embeddable":true,"href":"https:\/\/www.thebathcollection.com\/en\/wp-json\/wp\/v2\/acabado?post=2038"},{"taxonomy":"product_cat","embeddable":true,"href":"https:\/\/www.thebathcollection.com\/en\/wp-json\/wp\/v2\/product_cat?post=2038"},{"taxonomy":"coleccion","embeddable":true,"href":"https:\/\/www.thebathcollection.com\/en\/wp-json\/wp\/v2\/coleccion?post=2038"},{"taxonomy":"colocacion","embeddable":true,"href":"https:\/\/www.thebathcollection.com\/en\/wp-json\/wp\/v2\/colocacion?post=2038"},{"taxonomy":"color","embeddable":true,"href":"https:\/\/www.thebathcollection.com\/en\/wp-json\/wp\/v2\/color?post=2038"},{"taxonomy":"product_download","embeddable":true,"href":"https:\/\/www.thebathcollection.com\/en\/wp-json\/wp\/v2\/product_download?post=2038"},{"taxonomy":"forma","embeddable":true,"href":"https:\/\/www.thebathcollection.com\/en\/wp-json\/wp\/v2\/forma?post=2038"},{"taxonomy":"material","embeddable":true,"href":"https:\/\/www.thebathcollection.com\/en\/wp-json\/wp\/v2\/material?post=2038"},{"taxonomy":"modelo","embeddable":true,"href":"https:\/\/www.thebathcollection.com\/en\/wp-json\/wp\/v2\/modelo?post=2038"},{"taxonomy":"ubicacion","embeddable":true,"href":"https:\/\/www.thebathcollection.com\/en\/wp-json\/wp\/v2\/ubicacion?post=2038"},{"taxonomy":"new_product","embeddable":true,"href":"https:\/\/www.thebathcollection.com\/en\/wp-json\/wp\/v2\/new_product?post=2038"}],"curies":[{"name":"wp","href":"https:\/\/api.w.org\/{rel}","templated":true}]}}