{"id":2686,"date":"2025-09-22T23:28:22","date_gmt":"2025-09-22T23:28:22","guid":{"rendered":"https:\/\/www.thebathcollection.com\/product\/nules-cuadrado-folk-scandinavian\/"},"modified":"2026-02-23T10:05:51","modified_gmt":"2026-02-23T10:05:51","slug":"nules-square-folk-scandinavian","status":"publish","type":"product","link":"https:\/\/www.thebathcollection.com\/en\/products\/nules-square-folk-scandinavian\/","title":{"rendered":"Nules Cuadrado Folk Scandinavian"},"content":{"rendered":"<p>Hand-decorated edition of the square Nules model. A motif inspired by the Nordic tradition turns each piece into a handcrafted object with its own character.<\/p>","protected":false},"featured_media":2688,"template":"","acabado":[21],"product_cat":[607,29],"coleccion":[36],"colocacion":[22],"color":[33],"product_download":[672,660,659],"forma":[117],"material":[11],"modelo":[273],"ubicacion":[],"new_product":[],"class_list":["post-2686","product","type-product","status-publish","has-post-thumbnail","hentry","acabado-pintado-a-mano","product_cat-sobre-encimera","product_cat-lavabos","coleccion-atelier","colocacion-sobre-encimera","color-azul","product_download-dc-lavabos-porcelana","product_download-dp-lavabos-de-porcelana-sin-rebosadero","product_download-manual-de-mantenimiento","forma-cuadrado","material-porcelana","modelo-folk-scandinavian"],"acf":[],"yoast_head":"<!-- This site is optimized with the Yoast SEO plugin v27.4 - https:\/\/yoast.com\/product\/yoast-seo-wordpress\/ -->\n<title>Nules Cuadrado Folk Scandinavian - Lavabo cuadrado sobre encimera - Bathco<\/title>\n<meta name=\"robots\" content=\"index, follow, max-snippet:-1, max-image-preview:large, max-video-preview:-1\" \/>\n<link rel=\"canonical\" href=\"https:\/\/www.thebathcollection.com\/en\/products\/nules-square-folk-scandinavian\/\" \/>\n<meta property=\"og:locale\" content=\"en_US\" \/>\n<meta property=\"og:type\" content=\"article\" \/>\n<meta property=\"og:title\" content=\"Nules Cuadrado Folk Scandinavian - Lavabo cuadrado sobre encimera - Bathco\" \/>\n<meta property=\"og:description\" content=\"Edici\u00f3n decorada a mano del modelo Nules cuadrado. Un motivo inspirado en la tradici\u00f3n n\u00f3rdica convierte cada pieza en un objeto artesanal con car\u00e1cter propio.\" \/>\n<meta property=\"og:url\" content=\"https:\/\/www.thebathcollection.com\/en\/products\/nules-square-folk-scandinavian\/\" \/>\n<meta property=\"og:site_name\" content=\"Bathco\" \/>\n<meta property=\"article:modified_time\" content=\"2026-02-23T10:05:51+00:00\" \/>\n<meta property=\"og:image\" content=\"https:\/\/www.thebathcollection.com\/wp-content\/uploads\/2025\/09\/36154_es-00487-folk-scandinavian-cuadrado-tecnica-baja-Real.jpg\" \/>\n\t<meta property=\"og:image:width\" content=\"1200\" \/>\n\t<meta property=\"og:image:height\" content=\"900\" \/>\n\t<meta property=\"og:image:type\" content=\"image\/jpeg\" \/>\n<meta name=\"twitter:card\" content=\"summary_large_image\" \/>\n<meta name=\"twitter:label1\" content=\"Est. reading time\" \/>\n\t<meta name=\"twitter:data1\" content=\"1 minute\" \/>\n<script type=\"application\/ld+json\" class=\"yoast-schema-graph\">{\"@context\":\"https:\\\/\\\/schema.org\",\"@graph\":[{\"@type\":\"WebPage\",\"@id\":\"https:\\\/\\\/www.thebathcollection.com\\\/productos\\\/nules-cuadrado-folk-scandinavian\\\/\",\"url\":\"https:\\\/\\\/www.thebathcollection.com\\\/productos\\\/nules-cuadrado-folk-scandinavian\\\/\",\"name\":\"Nules Cuadrado Folk Scandinavian - Lavabo cuadrado sobre encimera - Bathco\",\"isPartOf\":{\"@id\":\"https:\\\/\\\/www.thebathcollection.com\\\/#website\"},\"primaryImageOfPage\":{\"@id\":\"https:\\\/\\\/www.thebathcollection.com\\\/productos\\\/nules-cuadrado-folk-scandinavian\\\/#primaryimage\"},\"image\":{\"@id\":\"https:\\\/\\\/www.thebathcollection.com\\\/productos\\\/nules-cuadrado-folk-scandinavian\\\/#primaryimage\"},\"thumbnailUrl\":\"https:\\\/\\\/www.thebathcollection.com\\\/wp-content\\\/uploads\\\/2025\\\/09\\\/36154_es-00487-folk-scandinavian-cuadrado-tecnica-baja-Real.jpg\",\"datePublished\":\"2025-09-22T23:28:22+00:00\",\"dateModified\":\"2026-02-23T10:05:51+00:00\",\"breadcrumb\":{\"@id\":\"https:\\\/\\\/www.thebathcollection.com\\\/productos\\\/nules-cuadrado-folk-scandinavian\\\/#breadcrumb\"},\"inLanguage\":\"en-US\",\"potentialAction\":[{\"@type\":\"ReadAction\",\"target\":[\"https:\\\/\\\/www.thebathcollection.com\\\/productos\\\/nules-cuadrado-folk-scandinavian\\\/\"]}]},{\"@type\":\"ImageObject\",\"inLanguage\":\"en-US\",\"@id\":\"https:\\\/\\\/www.thebathcollection.com\\\/productos\\\/nules-cuadrado-folk-scandinavian\\\/#primaryimage\",\"url\":\"https:\\\/\\\/www.thebathcollection.com\\\/wp-content\\\/uploads\\\/2025\\\/09\\\/36154_es-00487-folk-scandinavian-cuadrado-tecnica-baja-Real.jpg\",\"contentUrl\":\"https:\\\/\\\/www.thebathcollection.com\\\/wp-content\\\/uploads\\\/2025\\\/09\\\/36154_es-00487-folk-scandinavian-cuadrado-tecnica-baja-Real.jpg\",\"width\":1200,\"height\":900},{\"@type\":\"BreadcrumbList\",\"@id\":\"https:\\\/\\\/www.thebathcollection.com\\\/productos\\\/nules-cuadrado-folk-scandinavian\\\/#breadcrumb\",\"itemListElement\":[{\"@type\":\"ListItem\",\"position\":1,\"name\":\"Home\",\"item\":\"https:\\\/\\\/www.thebathcollection.com\\\/\"},{\"@type\":\"ListItem\",\"position\":2,\"name\":\"Productos\",\"item\":\"https:\\\/\\\/www.thebathcollection.com\\\/productos\\\/\"},{\"@type\":\"ListItem\",\"position\":3,\"name\":\"Nules Cuadrado Folk Scandinavian\"}]},{\"@type\":\"WebSite\",\"@id\":\"https:\\\/\\\/www.thebathcollection.com\\\/#website\",\"url\":\"https:\\\/\\\/www.thebathcollection.com\\\/\",\"name\":\"Bathco\",\"description\":\"Lavabos, sanitarios, platos de ducha y accesorios para el cuarto de ba\u00f1o\",\"potentialAction\":[{\"@type\":\"SearchAction\",\"target\":{\"@type\":\"EntryPoint\",\"urlTemplate\":\"https:\\\/\\\/www.thebathcollection.com\\\/?s={search_term_string}\"},\"query-input\":{\"@type\":\"PropertyValueSpecification\",\"valueRequired\":true,\"valueName\":\"search_term_string\"}}],\"inLanguage\":\"en-US\"}]}<\/script>\n<!-- \/ Yoast SEO plugin. -->","yoast_head_json":{"title":"Nules Square Folk Scandinavian - Square countertop basin - Bathco","robots":{"index":"index","follow":"follow","max-snippet":"max-snippet:-1","max-image-preview":"max-image-preview:large","max-video-preview":"max-video-preview:-1"},"canonical":"https:\/\/www.thebathcollection.com\/en\/products\/nules-square-folk-scandinavian\/","og_locale":"en_US","og_type":"article","og_title":"Nules Cuadrado Folk Scandinavian - Lavabo cuadrado sobre encimera - Bathco","og_description":"Edici\u00f3n decorada a mano del modelo Nules cuadrado. Un motivo inspirado en la tradici\u00f3n n\u00f3rdica convierte cada pieza en un objeto artesanal con car\u00e1cter propio.","og_url":"https:\/\/www.thebathcollection.com\/en\/products\/nules-square-folk-scandinavian\/","og_site_name":"Bathco","article_modified_time":"2026-02-23T10:05:51+00:00","og_image":[{"width":1200,"height":900,"url":"https:\/\/www.thebathcollection.com\/wp-content\/uploads\/2025\/09\/36154_es-00487-folk-scandinavian-cuadrado-tecnica-baja-Real.jpg","type":"image\/jpeg"}],"twitter_card":"summary_large_image","twitter_misc":{"Est. reading time":"1 minute"},"schema":{"@context":"https:\/\/schema.org","@graph":[{"@type":"WebPage","@id":"https:\/\/www.thebathcollection.com\/productos\/nules-cuadrado-folk-scandinavian\/","url":"https:\/\/www.thebathcollection.com\/productos\/nules-cuadrado-folk-scandinavian\/","name":"Nules Square Folk Scandinavian - Square countertop basin - Bathco","isPartOf":{"@id":"https:\/\/www.thebathcollection.com\/#website"},"primaryImageOfPage":{"@id":"https:\/\/www.thebathcollection.com\/productos\/nules-cuadrado-folk-scandinavian\/#primaryimage"},"image":{"@id":"https:\/\/www.thebathcollection.com\/productos\/nules-cuadrado-folk-scandinavian\/#primaryimage"},"thumbnailUrl":"https:\/\/www.thebathcollection.com\/wp-content\/uploads\/2025\/09\/36154_es-00487-folk-scandinavian-cuadrado-tecnica-baja-Real.jpg","datePublished":"2025-09-22T23:28:22+00:00","dateModified":"2026-02-23T10:05:51+00:00","breadcrumb":{"@id":"https:\/\/www.thebathcollection.com\/productos\/nules-cuadrado-folk-scandinavian\/#breadcrumb"},"inLanguage":"en-US","potentialAction":[{"@type":"ReadAction","target":["https:\/\/www.thebathcollection.com\/productos\/nules-cuadrado-folk-scandinavian\/"]}]},{"@type":"ImageObject","inLanguage":"en-US","@id":"https:\/\/www.thebathcollection.com\/productos\/nules-cuadrado-folk-scandinavian\/#primaryimage","url":"https:\/\/www.thebathcollection.com\/wp-content\/uploads\/2025\/09\/36154_es-00487-folk-scandinavian-cuadrado-tecnica-baja-Real.jpg","contentUrl":"https:\/\/www.thebathcollection.com\/wp-content\/uploads\/2025\/09\/36154_es-00487-folk-scandinavian-cuadrado-tecnica-baja-Real.jpg","width":1200,"height":900},{"@type":"BreadcrumbList","@id":"https:\/\/www.thebathcollection.com\/productos\/nules-cuadrado-folk-scandinavian\/#breadcrumb","itemListElement":[{"@type":"ListItem","position":1,"name":"Home","item":"https:\/\/www.thebathcollection.com\/"},{"@type":"ListItem","position":2,"name":"Productos","item":"https:\/\/www.thebathcollection.com\/productos\/"},{"@type":"ListItem","position":3,"name":"Nules Cuadrado Folk Scandinavian"}]},{"@type":"WebSite","@id":"https:\/\/www.thebathcollection.com\/#website","url":"https:\/\/www.thebathcollection.com\/","name":"Bathco","description":"Washbasins, toilets, shower trays and bathroom accessories","potentialAction":[{"@type":"SearchAction","target":{"@type":"EntryPoint","urlTemplate":"https:\/\/www.thebathcollection.com\/?s={search_term_string}"},"query-input":{"@type":"PropertyValueSpecification","valueRequired":true,"valueName":"search_term_string"}}],"inLanguage":"en-US"}]}},"_links":{"self":[{"href":"https:\/\/www.thebathcollection.com\/en\/wp-json\/wp\/v2\/product\/2686","targetHints":{"allow":["GET"]}}],"collection":[{"href":"https:\/\/www.thebathcollection.com\/en\/wp-json\/wp\/v2\/product"}],"about":[{"href":"https:\/\/www.thebathcollection.com\/en\/wp-json\/wp\/v2\/types\/product"}],"wp:featuredmedia":[{"embeddable":true,"href":"https:\/\/www.thebathcollection.com\/en\/wp-json\/wp\/v2\/media\/2688"}],"wp:attachment":[{"href":"https:\/\/www.thebathcollection.com\/en\/wp-json\/wp\/v2\/media?parent=2686"}],"wp:term":[{"taxonomy":"acabado","embeddable":true,"href":"https:\/\/www.thebathcollection.com\/en\/wp-json\/wp\/v2\/acabado?post=2686"},{"taxonomy":"product_cat","embeddable":true,"href":"https:\/\/www.thebathcollection.com\/en\/wp-json\/wp\/v2\/product_cat?post=2686"},{"taxonomy":"coleccion","embeddable":true,"href":"https:\/\/www.thebathcollection.com\/en\/wp-json\/wp\/v2\/coleccion?post=2686"},{"taxonomy":"colocacion","embeddable":true,"href":"https:\/\/www.thebathcollection.com\/en\/wp-json\/wp\/v2\/colocacion?post=2686"},{"taxonomy":"color","embeddable":true,"href":"https:\/\/www.thebathcollection.com\/en\/wp-json\/wp\/v2\/color?post=2686"},{"taxonomy":"product_download","embeddable":true,"href":"https:\/\/www.thebathcollection.com\/en\/wp-json\/wp\/v2\/product_download?post=2686"},{"taxonomy":"forma","embeddable":true,"href":"https:\/\/www.thebathcollection.com\/en\/wp-json\/wp\/v2\/forma?post=2686"},{"taxonomy":"material","embeddable":true,"href":"https:\/\/www.thebathcollection.com\/en\/wp-json\/wp\/v2\/material?post=2686"},{"taxonomy":"modelo","embeddable":true,"href":"https:\/\/www.thebathcollection.com\/en\/wp-json\/wp\/v2\/modelo?post=2686"},{"taxonomy":"ubicacion","embeddable":true,"href":"https:\/\/www.thebathcollection.com\/en\/wp-json\/wp\/v2\/ubicacion?post=2686"},{"taxonomy":"new_product","embeddable":true,"href":"https:\/\/www.thebathcollection.com\/en\/wp-json\/wp\/v2\/new_product?post=2686"}],"curies":[{"name":"wp","href":"https:\/\/api.w.org\/{rel}","templated":true}]}}