{"id":2786,"date":"2025-09-22T23:29:28","date_gmt":"2025-09-22T23:29:28","guid":{"rendered":"https:\/\/www.thebathcollection.com\/product\/papua-a\/"},"modified":"2026-02-23T10:09:17","modified_gmt":"2026-02-23T10:09:17","slug":"papua-beige-2","status":"publish","type":"product","link":"https:\/\/www.thebathcollection.com\/en\/products\/papua-beige-2\/","title":{"rendered":"Papua A"},"content":{"rendered":"<p>Natural stone washbasins in beige and doreng tones, available with or without wooden base. Their circular shape and organic character make them compatible with metal pedestals, creating compositions of great aesthetic strength.<\/p>","protected":false},"featured_media":2788,"template":"","acabado":[16],"product_cat":[607,29],"coleccion":[68],"colocacion":[22],"color":[31],"product_download":[668,659],"forma":[4],"material":[7],"modelo":[426],"ubicacion":[],"new_product":[],"class_list":["post-2786","product","type-product","status-publish","has-post-thumbnail","hentry","acabado-relieve","product_cat-sobre-encimera","product_cat-lavabos","coleccion-stone","colocacion-sobre-encimera","color-beige","product_download-dp-lavabos-piedra","product_download-manual-de-mantenimiento","forma-circular","material-piedra","modelo-papua-a"],"acf":[],"yoast_head":"<!-- This site is optimized with the Yoast SEO plugin v27.4 - https:\/\/yoast.com\/product\/yoast-seo-wordpress\/ -->\n<title>Pap\u00faa A beige - Lavabo circular sobre encimera - Bathco<\/title>\n<meta name=\"robots\" content=\"index, follow, max-snippet:-1, max-image-preview:large, max-video-preview:-1\" \/>\n<link rel=\"canonical\" href=\"https:\/\/www.thebathcollection.com\/en\/products\/papua-beige-2\/\" \/>\n<meta property=\"og:locale\" content=\"en_US\" \/>\n<meta property=\"og:type\" content=\"article\" \/>\n<meta property=\"og:title\" content=\"Pap\u00faa A beige - Lavabo circular sobre encimera - Bathco\" \/>\n<meta property=\"og:description\" content=\"Lavabos de piedra natural en tonos beige y doreng, disponibles con o sin base de madera. Su forma circular y su car\u00e1cter org\u00e1nico los hacen compatibles con pedestales met\u00e1licos, creando composiciones de gran fuerza est\u00e9tica.\" \/>\n<meta property=\"og:url\" content=\"https:\/\/www.thebathcollection.com\/en\/products\/papua-beige-2\/\" \/>\n<meta property=\"og:site_name\" content=\"Bathco\" \/>\n<meta property=\"article:modified_time\" content=\"2026-02-23T10:09:17+00:00\" \/>\n<meta property=\"og:image\" content=\"https:\/\/www.thebathcollection.com\/wp-content\/uploads\/2025\/09\/35757_es-00619-papua-a-beige-Real.jpg\" \/>\n\t<meta property=\"og:image:width\" content=\"1200\" \/>\n\t<meta property=\"og:image:height\" content=\"900\" \/>\n\t<meta property=\"og:image:type\" content=\"image\/jpeg\" \/>\n<meta name=\"twitter:card\" content=\"summary_large_image\" \/>\n<meta name=\"twitter:label1\" content=\"Est. reading time\" \/>\n\t<meta name=\"twitter:data1\" content=\"1 minute\" \/>\n<script type=\"application\/ld+json\" class=\"yoast-schema-graph\">{\"@context\":\"https:\\\/\\\/schema.org\",\"@graph\":[{\"@type\":\"WebPage\",\"@id\":\"https:\\\/\\\/www.thebathcollection.com\\\/productos\\\/papua-beige-2\\\/\",\"url\":\"https:\\\/\\\/www.thebathcollection.com\\\/productos\\\/papua-beige-2\\\/\",\"name\":\"Pap\u00faa A beige - Lavabo circular sobre encimera - Bathco\",\"isPartOf\":{\"@id\":\"https:\\\/\\\/www.thebathcollection.com\\\/#website\"},\"primaryImageOfPage\":{\"@id\":\"https:\\\/\\\/www.thebathcollection.com\\\/productos\\\/papua-beige-2\\\/#primaryimage\"},\"image\":{\"@id\":\"https:\\\/\\\/www.thebathcollection.com\\\/productos\\\/papua-beige-2\\\/#primaryimage\"},\"thumbnailUrl\":\"https:\\\/\\\/www.thebathcollection.com\\\/wp-content\\\/uploads\\\/2025\\\/09\\\/35757_es-00619-papua-a-beige-Real.jpg\",\"datePublished\":\"2025-09-22T23:29:28+00:00\",\"dateModified\":\"2026-02-23T10:09:17+00:00\",\"breadcrumb\":{\"@id\":\"https:\\\/\\\/www.thebathcollection.com\\\/productos\\\/papua-beige-2\\\/#breadcrumb\"},\"inLanguage\":\"en-US\",\"potentialAction\":[{\"@type\":\"ReadAction\",\"target\":[\"https:\\\/\\\/www.thebathcollection.com\\\/productos\\\/papua-beige-2\\\/\"]}]},{\"@type\":\"ImageObject\",\"inLanguage\":\"en-US\",\"@id\":\"https:\\\/\\\/www.thebathcollection.com\\\/productos\\\/papua-beige-2\\\/#primaryimage\",\"url\":\"https:\\\/\\\/www.thebathcollection.com\\\/wp-content\\\/uploads\\\/2025\\\/09\\\/35757_es-00619-papua-a-beige-Real.jpg\",\"contentUrl\":\"https:\\\/\\\/www.thebathcollection.com\\\/wp-content\\\/uploads\\\/2025\\\/09\\\/35757_es-00619-papua-a-beige-Real.jpg\",\"width\":1200,\"height\":900},{\"@type\":\"BreadcrumbList\",\"@id\":\"https:\\\/\\\/www.thebathcollection.com\\\/productos\\\/papua-beige-2\\\/#breadcrumb\",\"itemListElement\":[{\"@type\":\"ListItem\",\"position\":1,\"name\":\"Home\",\"item\":\"https:\\\/\\\/www.thebathcollection.com\\\/\"},{\"@type\":\"ListItem\",\"position\":2,\"name\":\"Productos\",\"item\":\"https:\\\/\\\/www.thebathcollection.com\\\/productos\\\/\"},{\"@type\":\"ListItem\",\"position\":3,\"name\":\"Pap\u00faa A\"}]},{\"@type\":\"WebSite\",\"@id\":\"https:\\\/\\\/www.thebathcollection.com\\\/#website\",\"url\":\"https:\\\/\\\/www.thebathcollection.com\\\/\",\"name\":\"Bathco\",\"description\":\"Lavabos, sanitarios, platos de ducha y accesorios para el cuarto de ba\u00f1o\",\"potentialAction\":[{\"@type\":\"SearchAction\",\"target\":{\"@type\":\"EntryPoint\",\"urlTemplate\":\"https:\\\/\\\/www.thebathcollection.com\\\/?s={search_term_string}\"},\"query-input\":{\"@type\":\"PropertyValueSpecification\",\"valueRequired\":true,\"valueName\":\"search_term_string\"}}],\"inLanguage\":\"en-US\"}]}<\/script>\n<!-- \/ Yoast SEO plugin. -->","yoast_head_json":{"title":"Papua A beige - Circular countertop basin - Bathco","robots":{"index":"index","follow":"follow","max-snippet":"max-snippet:-1","max-image-preview":"max-image-preview:large","max-video-preview":"max-video-preview:-1"},"canonical":"https:\/\/www.thebathcollection.com\/en\/products\/papua-beige-2\/","og_locale":"en_US","og_type":"article","og_title":"Pap\u00faa A beige - Lavabo circular sobre encimera - Bathco","og_description":"Lavabos de piedra natural en tonos beige y doreng, disponibles con o sin base de madera. Su forma circular y su car\u00e1cter org\u00e1nico los hacen compatibles con pedestales met\u00e1licos, creando composiciones de gran fuerza est\u00e9tica.","og_url":"https:\/\/www.thebathcollection.com\/en\/products\/papua-beige-2\/","og_site_name":"Bathco","article_modified_time":"2026-02-23T10:09:17+00:00","og_image":[{"width":1200,"height":900,"url":"https:\/\/www.thebathcollection.com\/wp-content\/uploads\/2025\/09\/35757_es-00619-papua-a-beige-Real.jpg","type":"image\/jpeg"}],"twitter_card":"summary_large_image","twitter_misc":{"Est. reading time":"1 minute"},"schema":{"@context":"https:\/\/schema.org","@graph":[{"@type":"WebPage","@id":"https:\/\/www.thebathcollection.com\/productos\/papua-beige-2\/","url":"https:\/\/www.thebathcollection.com\/productos\/papua-beige-2\/","name":"Papua A beige - Circular countertop basin - Bathco","isPartOf":{"@id":"https:\/\/www.thebathcollection.com\/#website"},"primaryImageOfPage":{"@id":"https:\/\/www.thebathcollection.com\/productos\/papua-beige-2\/#primaryimage"},"image":{"@id":"https:\/\/www.thebathcollection.com\/productos\/papua-beige-2\/#primaryimage"},"thumbnailUrl":"https:\/\/www.thebathcollection.com\/wp-content\/uploads\/2025\/09\/35757_es-00619-papua-a-beige-Real.jpg","datePublished":"2025-09-22T23:29:28+00:00","dateModified":"2026-02-23T10:09:17+00:00","breadcrumb":{"@id":"https:\/\/www.thebathcollection.com\/productos\/papua-beige-2\/#breadcrumb"},"inLanguage":"en-US","potentialAction":[{"@type":"ReadAction","target":["https:\/\/www.thebathcollection.com\/productos\/papua-beige-2\/"]}]},{"@type":"ImageObject","inLanguage":"en-US","@id":"https:\/\/www.thebathcollection.com\/productos\/papua-beige-2\/#primaryimage","url":"https:\/\/www.thebathcollection.com\/wp-content\/uploads\/2025\/09\/35757_es-00619-papua-a-beige-Real.jpg","contentUrl":"https:\/\/www.thebathcollection.com\/wp-content\/uploads\/2025\/09\/35757_es-00619-papua-a-beige-Real.jpg","width":1200,"height":900},{"@type":"BreadcrumbList","@id":"https:\/\/www.thebathcollection.com\/productos\/papua-beige-2\/#breadcrumb","itemListElement":[{"@type":"ListItem","position":1,"name":"Home","item":"https:\/\/www.thebathcollection.com\/"},{"@type":"ListItem","position":2,"name":"Productos","item":"https:\/\/www.thebathcollection.com\/productos\/"},{"@type":"ListItem","position":3,"name":"Pap\u00faa A"}]},{"@type":"WebSite","@id":"https:\/\/www.thebathcollection.com\/#website","url":"https:\/\/www.thebathcollection.com\/","name":"Bathco","description":"Washbasins, toilets, shower trays and bathroom accessories","potentialAction":[{"@type":"SearchAction","target":{"@type":"EntryPoint","urlTemplate":"https:\/\/www.thebathcollection.com\/?s={search_term_string}"},"query-input":{"@type":"PropertyValueSpecification","valueRequired":true,"valueName":"search_term_string"}}],"inLanguage":"en-US"}]}},"_links":{"self":[{"href":"https:\/\/www.thebathcollection.com\/en\/wp-json\/wp\/v2\/product\/2786","targetHints":{"allow":["GET"]}}],"collection":[{"href":"https:\/\/www.thebathcollection.com\/en\/wp-json\/wp\/v2\/product"}],"about":[{"href":"https:\/\/www.thebathcollection.com\/en\/wp-json\/wp\/v2\/types\/product"}],"wp:featuredmedia":[{"embeddable":true,"href":"https:\/\/www.thebathcollection.com\/en\/wp-json\/wp\/v2\/media\/2788"}],"wp:attachment":[{"href":"https:\/\/www.thebathcollection.com\/en\/wp-json\/wp\/v2\/media?parent=2786"}],"wp:term":[{"taxonomy":"acabado","embeddable":true,"href":"https:\/\/www.thebathcollection.com\/en\/wp-json\/wp\/v2\/acabado?post=2786"},{"taxonomy":"product_cat","embeddable":true,"href":"https:\/\/www.thebathcollection.com\/en\/wp-json\/wp\/v2\/product_cat?post=2786"},{"taxonomy":"coleccion","embeddable":true,"href":"https:\/\/www.thebathcollection.com\/en\/wp-json\/wp\/v2\/coleccion?post=2786"},{"taxonomy":"colocacion","embeddable":true,"href":"https:\/\/www.thebathcollection.com\/en\/wp-json\/wp\/v2\/colocacion?post=2786"},{"taxonomy":"color","embeddable":true,"href":"https:\/\/www.thebathcollection.com\/en\/wp-json\/wp\/v2\/color?post=2786"},{"taxonomy":"product_download","embeddable":true,"href":"https:\/\/www.thebathcollection.com\/en\/wp-json\/wp\/v2\/product_download?post=2786"},{"taxonomy":"forma","embeddable":true,"href":"https:\/\/www.thebathcollection.com\/en\/wp-json\/wp\/v2\/forma?post=2786"},{"taxonomy":"material","embeddable":true,"href":"https:\/\/www.thebathcollection.com\/en\/wp-json\/wp\/v2\/material?post=2786"},{"taxonomy":"modelo","embeddable":true,"href":"https:\/\/www.thebathcollection.com\/en\/wp-json\/wp\/v2\/modelo?post=2786"},{"taxonomy":"ubicacion","embeddable":true,"href":"https:\/\/www.thebathcollection.com\/en\/wp-json\/wp\/v2\/ubicacion?post=2786"},{"taxonomy":"new_product","embeddable":true,"href":"https:\/\/www.thebathcollection.com\/en\/wp-json\/wp\/v2\/new_product?post=2786"}],"curies":[{"name":"wp","href":"https:\/\/api.w.org\/{rel}","templated":true}]}}