{"id":2834,"date":"2025-09-22T23:30:09","date_gmt":"2025-09-22T23:30:09","guid":{"rendered":"https:\/\/www.thebathcollection.com\/product\/pedestal-de-madera-2\/"},"modified":"2026-02-15T22:28:53","modified_gmt":"2026-02-15T22:28:53","slug":"pedestal-de-madera-cuadrado","status":"publish","type":"product","link":"https:\/\/www.thebathcollection.com\/en\/products\/pedestal-de-madera-cuadrado\/","title":{"rendered":"Wooden pedestal"},"content":{"rendered":"<p>Designed to accompany specific models such as Florence B or Genoa B. Their light wood finish reinforces the warmth and connection with natural materials.<\/p>","protected":false},"featured_media":15756,"template":"","acabado":[],"product_cat":[201,28],"coleccion":[34],"colocacion":[],"color":[31],"product_download":[],"forma":[],"material":[15],"modelo":[435],"ubicacion":[],"new_product":[],"class_list":["post-2834","product","type-product","status-publish","has-post-thumbnail","hentry","product_cat-pedestales","product_cat-complementos","coleccion-essentials","color-beige","material-madera","modelo-pedestal-de-madera"],"acf":[],"yoast_head":"<!-- This site is optimized with the Yoast SEO plugin v27.4 - https:\/\/yoast.com\/product\/yoast-seo-wordpress\/ -->\n<title>Pedestal de madera para Lavabo 570mm - Bathco<\/title>\n<meta name=\"robots\" content=\"index, follow, max-snippet:-1, max-image-preview:large, max-video-preview:-1\" \/>\n<link rel=\"canonical\" href=\"https:\/\/www.thebathcollection.com\/en\/products\/pedestal-de-madera-cuadrado\/\" \/>\n<meta property=\"og:locale\" content=\"en_US\" \/>\n<meta property=\"og:type\" content=\"article\" \/>\n<meta property=\"og:title\" content=\"Pedestal de madera para Lavabo 570mm - Bathco\" \/>\n<meta property=\"og:description\" content=\"Dise\u00f1ados para acompa\u00f1ar modelos concretos como Florencia B o G\u00e9nova B. Su acabado en madera clara refuerza la calidez y la conexi\u00f3n con materiales naturales.\" \/>\n<meta property=\"og:url\" content=\"https:\/\/www.thebathcollection.com\/en\/products\/pedestal-de-madera-cuadrado\/\" \/>\n<meta property=\"og:site_name\" content=\"Bathco\" \/>\n<meta property=\"article:modified_time\" content=\"2026-02-15T22:28:53+00:00\" \/>\n<meta property=\"og:image\" content=\"https:\/\/www.thebathcollection.com\/wp-content\/uploads\/2025\/11\/33001_es-ref-8225-pedestal-de-madera-de-bathco-Real-scaled-1.jpg\" \/>\n\t<meta property=\"og:image:width\" content=\"1200\" \/>\n\t<meta property=\"og:image:height\" content=\"900\" \/>\n\t<meta property=\"og:image:type\" content=\"image\/jpeg\" \/>\n<meta name=\"twitter:card\" content=\"summary_large_image\" \/>\n<meta name=\"twitter:label1\" content=\"Est. reading time\" \/>\n\t<meta name=\"twitter:data1\" content=\"1 minute\" \/>\n<script type=\"application\/ld+json\" class=\"yoast-schema-graph\">{\"@context\":\"https:\\\/\\\/schema.org\",\"@graph\":[{\"@type\":\"WebPage\",\"@id\":\"https:\\\/\\\/www.thebathcollection.com\\\/productos\\\/pedestal-de-madera-cuadrado\\\/\",\"url\":\"https:\\\/\\\/www.thebathcollection.com\\\/productos\\\/pedestal-de-madera-cuadrado\\\/\",\"name\":\"Pedestal de madera para Lavabo 570mm - Bathco\",\"isPartOf\":{\"@id\":\"https:\\\/\\\/www.thebathcollection.com\\\/#website\"},\"primaryImageOfPage\":{\"@id\":\"https:\\\/\\\/www.thebathcollection.com\\\/productos\\\/pedestal-de-madera-cuadrado\\\/#primaryimage\"},\"image\":{\"@id\":\"https:\\\/\\\/www.thebathcollection.com\\\/productos\\\/pedestal-de-madera-cuadrado\\\/#primaryimage\"},\"thumbnailUrl\":\"https:\\\/\\\/www.thebathcollection.com\\\/wp-content\\\/uploads\\\/2025\\\/11\\\/33001_es-ref-8225-pedestal-de-madera-de-bathco-Real-scaled-1.jpg\",\"datePublished\":\"2025-09-22T23:30:09+00:00\",\"dateModified\":\"2026-02-15T22:28:53+00:00\",\"breadcrumb\":{\"@id\":\"https:\\\/\\\/www.thebathcollection.com\\\/productos\\\/pedestal-de-madera-cuadrado\\\/#breadcrumb\"},\"inLanguage\":\"en-US\",\"potentialAction\":[{\"@type\":\"ReadAction\",\"target\":[\"https:\\\/\\\/www.thebathcollection.com\\\/productos\\\/pedestal-de-madera-cuadrado\\\/\"]}]},{\"@type\":\"ImageObject\",\"inLanguage\":\"en-US\",\"@id\":\"https:\\\/\\\/www.thebathcollection.com\\\/productos\\\/pedestal-de-madera-cuadrado\\\/#primaryimage\",\"url\":\"https:\\\/\\\/www.thebathcollection.com\\\/wp-content\\\/uploads\\\/2025\\\/11\\\/33001_es-ref-8225-pedestal-de-madera-de-bathco-Real-scaled-1.jpg\",\"contentUrl\":\"https:\\\/\\\/www.thebathcollection.com\\\/wp-content\\\/uploads\\\/2025\\\/11\\\/33001_es-ref-8225-pedestal-de-madera-de-bathco-Real-scaled-1.jpg\",\"width\":1200,\"height\":900},{\"@type\":\"BreadcrumbList\",\"@id\":\"https:\\\/\\\/www.thebathcollection.com\\\/productos\\\/pedestal-de-madera-cuadrado\\\/#breadcrumb\",\"itemListElement\":[{\"@type\":\"ListItem\",\"position\":1,\"name\":\"Home\",\"item\":\"https:\\\/\\\/www.thebathcollection.com\\\/\"},{\"@type\":\"ListItem\",\"position\":2,\"name\":\"Productos\",\"item\":\"https:\\\/\\\/www.thebathcollection.com\\\/productos\\\/\"},{\"@type\":\"ListItem\",\"position\":3,\"name\":\"Pedestal de madera\"}]},{\"@type\":\"WebSite\",\"@id\":\"https:\\\/\\\/www.thebathcollection.com\\\/#website\",\"url\":\"https:\\\/\\\/www.thebathcollection.com\\\/\",\"name\":\"Bathco\",\"description\":\"Lavabos, sanitarios, platos de ducha y accesorios para el cuarto de ba\u00f1o\",\"potentialAction\":[{\"@type\":\"SearchAction\",\"target\":{\"@type\":\"EntryPoint\",\"urlTemplate\":\"https:\\\/\\\/www.thebathcollection.com\\\/?s={search_term_string}\"},\"query-input\":{\"@type\":\"PropertyValueSpecification\",\"valueRequired\":true,\"valueName\":\"search_term_string\"}}],\"inLanguage\":\"en-US\"}]}<\/script>\n<!-- \/ Yoast SEO plugin. -->","yoast_head_json":{"title":"Pedestal de madera para Lavabo 570mm - Bathco","robots":{"index":"index","follow":"follow","max-snippet":"max-snippet:-1","max-image-preview":"max-image-preview:large","max-video-preview":"max-video-preview:-1"},"canonical":"https:\/\/www.thebathcollection.com\/en\/products\/pedestal-de-madera-cuadrado\/","og_locale":"en_US","og_type":"article","og_title":"Pedestal de madera para Lavabo 570mm - Bathco","og_description":"Dise\u00f1ados para acompa\u00f1ar modelos concretos como Florencia B o G\u00e9nova B. Su acabado en madera clara refuerza la calidez y la conexi\u00f3n con materiales naturales.","og_url":"https:\/\/www.thebathcollection.com\/en\/products\/pedestal-de-madera-cuadrado\/","og_site_name":"Bathco","article_modified_time":"2026-02-15T22:28:53+00:00","og_image":[{"width":1200,"height":900,"url":"https:\/\/www.thebathcollection.com\/wp-content\/uploads\/2025\/11\/33001_es-ref-8225-pedestal-de-madera-de-bathco-Real-scaled-1.jpg","type":"image\/jpeg"}],"twitter_card":"summary_large_image","twitter_misc":{"Est. reading time":"1 minute"},"schema":{"@context":"https:\/\/schema.org","@graph":[{"@type":"WebPage","@id":"https:\/\/www.thebathcollection.com\/productos\/pedestal-de-madera-cuadrado\/","url":"https:\/\/www.thebathcollection.com\/productos\/pedestal-de-madera-cuadrado\/","name":"Pedestal de madera para Lavabo 570mm - Bathco","isPartOf":{"@id":"https:\/\/www.thebathcollection.com\/#website"},"primaryImageOfPage":{"@id":"https:\/\/www.thebathcollection.com\/productos\/pedestal-de-madera-cuadrado\/#primaryimage"},"image":{"@id":"https:\/\/www.thebathcollection.com\/productos\/pedestal-de-madera-cuadrado\/#primaryimage"},"thumbnailUrl":"https:\/\/www.thebathcollection.com\/wp-content\/uploads\/2025\/11\/33001_es-ref-8225-pedestal-de-madera-de-bathco-Real-scaled-1.jpg","datePublished":"2025-09-22T23:30:09+00:00","dateModified":"2026-02-15T22:28:53+00:00","breadcrumb":{"@id":"https:\/\/www.thebathcollection.com\/productos\/pedestal-de-madera-cuadrado\/#breadcrumb"},"inLanguage":"en-US","potentialAction":[{"@type":"ReadAction","target":["https:\/\/www.thebathcollection.com\/productos\/pedestal-de-madera-cuadrado\/"]}]},{"@type":"ImageObject","inLanguage":"en-US","@id":"https:\/\/www.thebathcollection.com\/productos\/pedestal-de-madera-cuadrado\/#primaryimage","url":"https:\/\/www.thebathcollection.com\/wp-content\/uploads\/2025\/11\/33001_es-ref-8225-pedestal-de-madera-de-bathco-Real-scaled-1.jpg","contentUrl":"https:\/\/www.thebathcollection.com\/wp-content\/uploads\/2025\/11\/33001_es-ref-8225-pedestal-de-madera-de-bathco-Real-scaled-1.jpg","width":1200,"height":900},{"@type":"BreadcrumbList","@id":"https:\/\/www.thebathcollection.com\/productos\/pedestal-de-madera-cuadrado\/#breadcrumb","itemListElement":[{"@type":"ListItem","position":1,"name":"Home","item":"https:\/\/www.thebathcollection.com\/"},{"@type":"ListItem","position":2,"name":"Productos","item":"https:\/\/www.thebathcollection.com\/productos\/"},{"@type":"ListItem","position":3,"name":"Pedestal de madera"}]},{"@type":"WebSite","@id":"https:\/\/www.thebathcollection.com\/#website","url":"https:\/\/www.thebathcollection.com\/","name":"Bathco","description":"Washbasins, toilets, shower trays and bathroom accessories","potentialAction":[{"@type":"SearchAction","target":{"@type":"EntryPoint","urlTemplate":"https:\/\/www.thebathcollection.com\/?s={search_term_string}"},"query-input":{"@type":"PropertyValueSpecification","valueRequired":true,"valueName":"search_term_string"}}],"inLanguage":"en-US"}]}},"_links":{"self":[{"href":"https:\/\/www.thebathcollection.com\/en\/wp-json\/wp\/v2\/product\/2834","targetHints":{"allow":["GET"]}}],"collection":[{"href":"https:\/\/www.thebathcollection.com\/en\/wp-json\/wp\/v2\/product"}],"about":[{"href":"https:\/\/www.thebathcollection.com\/en\/wp-json\/wp\/v2\/types\/product"}],"wp:featuredmedia":[{"embeddable":true,"href":"https:\/\/www.thebathcollection.com\/en\/wp-json\/wp\/v2\/media\/15756"}],"wp:attachment":[{"href":"https:\/\/www.thebathcollection.com\/en\/wp-json\/wp\/v2\/media?parent=2834"}],"wp:term":[{"taxonomy":"acabado","embeddable":true,"href":"https:\/\/www.thebathcollection.com\/en\/wp-json\/wp\/v2\/acabado?post=2834"},{"taxonomy":"product_cat","embeddable":true,"href":"https:\/\/www.thebathcollection.com\/en\/wp-json\/wp\/v2\/product_cat?post=2834"},{"taxonomy":"coleccion","embeddable":true,"href":"https:\/\/www.thebathcollection.com\/en\/wp-json\/wp\/v2\/coleccion?post=2834"},{"taxonomy":"colocacion","embeddable":true,"href":"https:\/\/www.thebathcollection.com\/en\/wp-json\/wp\/v2\/colocacion?post=2834"},{"taxonomy":"color","embeddable":true,"href":"https:\/\/www.thebathcollection.com\/en\/wp-json\/wp\/v2\/color?post=2834"},{"taxonomy":"product_download","embeddable":true,"href":"https:\/\/www.thebathcollection.com\/en\/wp-json\/wp\/v2\/product_download?post=2834"},{"taxonomy":"forma","embeddable":true,"href":"https:\/\/www.thebathcollection.com\/en\/wp-json\/wp\/v2\/forma?post=2834"},{"taxonomy":"material","embeddable":true,"href":"https:\/\/www.thebathcollection.com\/en\/wp-json\/wp\/v2\/material?post=2834"},{"taxonomy":"modelo","embeddable":true,"href":"https:\/\/www.thebathcollection.com\/en\/wp-json\/wp\/v2\/modelo?post=2834"},{"taxonomy":"ubicacion","embeddable":true,"href":"https:\/\/www.thebathcollection.com\/en\/wp-json\/wp\/v2\/ubicacion?post=2834"},{"taxonomy":"new_product","embeddable":true,"href":"https:\/\/www.thebathcollection.com\/en\/wp-json\/wp\/v2\/new_product?post=2834"}],"curies":[{"name":"wp","href":"https:\/\/api.w.org\/{rel}","templated":true}]}}