{"id":3270,"date":"2025-09-22T23:35:46","date_gmt":"2025-09-22T23:35:46","guid":{"rendered":"https:\/\/www.thebathcollection.com\/product\/set-valvula-y-sifon\/"},"modified":"2026-02-15T22:29:41","modified_gmt":"2026-02-15T22:29:41","slug":"valve-and-siphon-set","status":"publish","type":"product","link":"https:\/\/www.thebathcollection.com\/en\/products\/valve-and-siphon-set\/","title":{"rendered":"Valve and siphon set"},"content":{"rendered":"<p>Set including valve and siphon, designed to complete the installation of the basin.<\/p>","protected":false},"featured_media":3271,"template":"","acabado":[],"product_cat":[502,40,28],"coleccion":[],"colocacion":[],"color":[617],"product_download":[],"forma":[],"material":[],"modelo":[],"ubicacion":[],"new_product":[],"class_list":["post-3270","product","type-product","status-publish","has-post-thumbnail","hentry","product_cat-valvulas","product_cat-accesorios","product_cat-complementos","color-gris-claro"],"acf":[],"yoast_head":"<!-- This site is optimized with the Yoast SEO plugin v27.4 - https:\/\/yoast.com\/product\/yoast-seo-wordpress\/ -->\n<title>Set v\u00e1lvula y sif\u00f3n - Bathco<\/title>\n<meta name=\"robots\" content=\"index, follow, max-snippet:-1, max-image-preview:large, max-video-preview:-1\" \/>\n<link rel=\"canonical\" href=\"https:\/\/www.thebathcollection.com\/en\/products\/valve-and-siphon-set\/\" \/>\n<meta property=\"og:locale\" content=\"en_US\" \/>\n<meta property=\"og:type\" content=\"article\" \/>\n<meta property=\"og:title\" content=\"Set v\u00e1lvula y sif\u00f3n - Bathco\" \/>\n<meta property=\"og:description\" content=\"Set que incluye v\u00e1lvula y sif\u00f3n, pensado para completar la instalaci\u00f3n del lavabo.\" \/>\n<meta property=\"og:url\" content=\"https:\/\/www.thebathcollection.com\/en\/products\/valve-and-siphon-set\/\" \/>\n<meta property=\"og:site_name\" content=\"Bathco\" \/>\n<meta property=\"article:modified_time\" content=\"2026-02-15T22:29:41+00:00\" \/>\n<meta property=\"og:image\" content=\"https:\/\/www.thebathcollection.com\/wp-content\/uploads\/2025\/09\/37405_es-0219-valvula-y-sifon-Real.jpg\" \/>\n\t<meta property=\"og:image:width\" content=\"1200\" \/>\n\t<meta property=\"og:image:height\" content=\"900\" \/>\n\t<meta property=\"og:image:type\" content=\"image\/jpeg\" \/>\n<meta name=\"twitter:card\" content=\"summary_large_image\" \/>\n<meta name=\"twitter:label1\" content=\"Est. reading time\" \/>\n\t<meta name=\"twitter:data1\" content=\"1 minute\" \/>\n<script type=\"application\/ld+json\" class=\"yoast-schema-graph\">{\"@context\":\"https:\\\/\\\/schema.org\",\"@graph\":[{\"@type\":\"WebPage\",\"@id\":\"https:\\\/\\\/www.thebathcollection.com\\\/productos\\\/set-valvula-y-sifon\\\/\",\"url\":\"https:\\\/\\\/www.thebathcollection.com\\\/productos\\\/set-valvula-y-sifon\\\/\",\"name\":\"Set v\u00e1lvula y sif\u00f3n - Bathco\",\"isPartOf\":{\"@id\":\"https:\\\/\\\/www.thebathcollection.com\\\/#website\"},\"primaryImageOfPage\":{\"@id\":\"https:\\\/\\\/www.thebathcollection.com\\\/productos\\\/set-valvula-y-sifon\\\/#primaryimage\"},\"image\":{\"@id\":\"https:\\\/\\\/www.thebathcollection.com\\\/productos\\\/set-valvula-y-sifon\\\/#primaryimage\"},\"thumbnailUrl\":\"https:\\\/\\\/www.thebathcollection.com\\\/wp-content\\\/uploads\\\/2025\\\/09\\\/37405_es-0219-valvula-y-sifon-Real.jpg\",\"datePublished\":\"2025-09-22T23:35:46+00:00\",\"dateModified\":\"2026-02-15T22:29:41+00:00\",\"breadcrumb\":{\"@id\":\"https:\\\/\\\/www.thebathcollection.com\\\/productos\\\/set-valvula-y-sifon\\\/#breadcrumb\"},\"inLanguage\":\"en-US\",\"potentialAction\":[{\"@type\":\"ReadAction\",\"target\":[\"https:\\\/\\\/www.thebathcollection.com\\\/productos\\\/set-valvula-y-sifon\\\/\"]}]},{\"@type\":\"ImageObject\",\"inLanguage\":\"en-US\",\"@id\":\"https:\\\/\\\/www.thebathcollection.com\\\/productos\\\/set-valvula-y-sifon\\\/#primaryimage\",\"url\":\"https:\\\/\\\/www.thebathcollection.com\\\/wp-content\\\/uploads\\\/2025\\\/09\\\/37405_es-0219-valvula-y-sifon-Real.jpg\",\"contentUrl\":\"https:\\\/\\\/www.thebathcollection.com\\\/wp-content\\\/uploads\\\/2025\\\/09\\\/37405_es-0219-valvula-y-sifon-Real.jpg\",\"width\":1200,\"height\":900},{\"@type\":\"BreadcrumbList\",\"@id\":\"https:\\\/\\\/www.thebathcollection.com\\\/productos\\\/set-valvula-y-sifon\\\/#breadcrumb\",\"itemListElement\":[{\"@type\":\"ListItem\",\"position\":1,\"name\":\"Home\",\"item\":\"https:\\\/\\\/www.thebathcollection.com\\\/\"},{\"@type\":\"ListItem\",\"position\":2,\"name\":\"Productos\",\"item\":\"https:\\\/\\\/www.thebathcollection.com\\\/productos\\\/\"},{\"@type\":\"ListItem\",\"position\":3,\"name\":\"Set v\u00e1lvula y sif\u00f3n\"}]},{\"@type\":\"WebSite\",\"@id\":\"https:\\\/\\\/www.thebathcollection.com\\\/#website\",\"url\":\"https:\\\/\\\/www.thebathcollection.com\\\/\",\"name\":\"Bathco\",\"description\":\"Lavabos, sanitarios, platos de ducha y accesorios para el cuarto de ba\u00f1o\",\"potentialAction\":[{\"@type\":\"SearchAction\",\"target\":{\"@type\":\"EntryPoint\",\"urlTemplate\":\"https:\\\/\\\/www.thebathcollection.com\\\/?s={search_term_string}\"},\"query-input\":{\"@type\":\"PropertyValueSpecification\",\"valueRequired\":true,\"valueName\":\"search_term_string\"}}],\"inLanguage\":\"en-US\"}]}<\/script>\n<!-- \/ Yoast SEO plugin. -->","yoast_head_json":{"title":"Valve and siphon set - Bathco","robots":{"index":"index","follow":"follow","max-snippet":"max-snippet:-1","max-image-preview":"max-image-preview:large","max-video-preview":"max-video-preview:-1"},"canonical":"https:\/\/www.thebathcollection.com\/en\/products\/valve-and-siphon-set\/","og_locale":"en_US","og_type":"article","og_title":"Set v\u00e1lvula y sif\u00f3n - Bathco","og_description":"Set que incluye v\u00e1lvula y sif\u00f3n, pensado para completar la instalaci\u00f3n del lavabo.","og_url":"https:\/\/www.thebathcollection.com\/en\/products\/valve-and-siphon-set\/","og_site_name":"Bathco","article_modified_time":"2026-02-15T22:29:41+00:00","og_image":[{"width":1200,"height":900,"url":"https:\/\/www.thebathcollection.com\/wp-content\/uploads\/2025\/09\/37405_es-0219-valvula-y-sifon-Real.jpg","type":"image\/jpeg"}],"twitter_card":"summary_large_image","twitter_misc":{"Est. reading time":"1 minute"},"schema":{"@context":"https:\/\/schema.org","@graph":[{"@type":"WebPage","@id":"https:\/\/www.thebathcollection.com\/productos\/set-valvula-y-sifon\/","url":"https:\/\/www.thebathcollection.com\/productos\/set-valvula-y-sifon\/","name":"Valve and siphon set - Bathco","isPartOf":{"@id":"https:\/\/www.thebathcollection.com\/#website"},"primaryImageOfPage":{"@id":"https:\/\/www.thebathcollection.com\/productos\/set-valvula-y-sifon\/#primaryimage"},"image":{"@id":"https:\/\/www.thebathcollection.com\/productos\/set-valvula-y-sifon\/#primaryimage"},"thumbnailUrl":"https:\/\/www.thebathcollection.com\/wp-content\/uploads\/2025\/09\/37405_es-0219-valvula-y-sifon-Real.jpg","datePublished":"2025-09-22T23:35:46+00:00","dateModified":"2026-02-15T22:29:41+00:00","breadcrumb":{"@id":"https:\/\/www.thebathcollection.com\/productos\/set-valvula-y-sifon\/#breadcrumb"},"inLanguage":"en-US","potentialAction":[{"@type":"ReadAction","target":["https:\/\/www.thebathcollection.com\/productos\/set-valvula-y-sifon\/"]}]},{"@type":"ImageObject","inLanguage":"en-US","@id":"https:\/\/www.thebathcollection.com\/productos\/set-valvula-y-sifon\/#primaryimage","url":"https:\/\/www.thebathcollection.com\/wp-content\/uploads\/2025\/09\/37405_es-0219-valvula-y-sifon-Real.jpg","contentUrl":"https:\/\/www.thebathcollection.com\/wp-content\/uploads\/2025\/09\/37405_es-0219-valvula-y-sifon-Real.jpg","width":1200,"height":900},{"@type":"BreadcrumbList","@id":"https:\/\/www.thebathcollection.com\/productos\/set-valvula-y-sifon\/#breadcrumb","itemListElement":[{"@type":"ListItem","position":1,"name":"Home","item":"https:\/\/www.thebathcollection.com\/"},{"@type":"ListItem","position":2,"name":"Productos","item":"https:\/\/www.thebathcollection.com\/productos\/"},{"@type":"ListItem","position":3,"name":"Set v\u00e1lvula y sif\u00f3n"}]},{"@type":"WebSite","@id":"https:\/\/www.thebathcollection.com\/#website","url":"https:\/\/www.thebathcollection.com\/","name":"Bathco","description":"Washbasins, toilets, shower trays and bathroom accessories","potentialAction":[{"@type":"SearchAction","target":{"@type":"EntryPoint","urlTemplate":"https:\/\/www.thebathcollection.com\/?s={search_term_string}"},"query-input":{"@type":"PropertyValueSpecification","valueRequired":true,"valueName":"search_term_string"}}],"inLanguage":"en-US"}]}},"_links":{"self":[{"href":"https:\/\/www.thebathcollection.com\/en\/wp-json\/wp\/v2\/product\/3270","targetHints":{"allow":["GET"]}}],"collection":[{"href":"https:\/\/www.thebathcollection.com\/en\/wp-json\/wp\/v2\/product"}],"about":[{"href":"https:\/\/www.thebathcollection.com\/en\/wp-json\/wp\/v2\/types\/product"}],"wp:featuredmedia":[{"embeddable":true,"href":"https:\/\/www.thebathcollection.com\/en\/wp-json\/wp\/v2\/media\/3271"}],"wp:attachment":[{"href":"https:\/\/www.thebathcollection.com\/en\/wp-json\/wp\/v2\/media?parent=3270"}],"wp:term":[{"taxonomy":"acabado","embeddable":true,"href":"https:\/\/www.thebathcollection.com\/en\/wp-json\/wp\/v2\/acabado?post=3270"},{"taxonomy":"product_cat","embeddable":true,"href":"https:\/\/www.thebathcollection.com\/en\/wp-json\/wp\/v2\/product_cat?post=3270"},{"taxonomy":"coleccion","embeddable":true,"href":"https:\/\/www.thebathcollection.com\/en\/wp-json\/wp\/v2\/coleccion?post=3270"},{"taxonomy":"colocacion","embeddable":true,"href":"https:\/\/www.thebathcollection.com\/en\/wp-json\/wp\/v2\/colocacion?post=3270"},{"taxonomy":"color","embeddable":true,"href":"https:\/\/www.thebathcollection.com\/en\/wp-json\/wp\/v2\/color?post=3270"},{"taxonomy":"product_download","embeddable":true,"href":"https:\/\/www.thebathcollection.com\/en\/wp-json\/wp\/v2\/product_download?post=3270"},{"taxonomy":"forma","embeddable":true,"href":"https:\/\/www.thebathcollection.com\/en\/wp-json\/wp\/v2\/forma?post=3270"},{"taxonomy":"material","embeddable":true,"href":"https:\/\/www.thebathcollection.com\/en\/wp-json\/wp\/v2\/material?post=3270"},{"taxonomy":"modelo","embeddable":true,"href":"https:\/\/www.thebathcollection.com\/en\/wp-json\/wp\/v2\/modelo?post=3270"},{"taxonomy":"ubicacion","embeddable":true,"href":"https:\/\/www.thebathcollection.com\/en\/wp-json\/wp\/v2\/ubicacion?post=3270"},{"taxonomy":"new_product","embeddable":true,"href":"https:\/\/www.thebathcollection.com\/en\/wp-json\/wp\/v2\/new_product?post=3270"}],"curies":[{"name":"wp","href":"https:\/\/api.w.org\/{rel}","templated":true}]}}