{"id":3404,"date":"2025-09-22T23:37:09","date_gmt":"2025-09-22T23:37:09","guid":{"rendered":"https:\/\/www.thebathcollection.com\/product\/tasos-columna-ducha\/"},"modified":"2026-02-15T22:29:55","modified_gmt":"2026-02-15T22:29:55","slug":"tasos-columna-ducha","status":"publish","type":"product","link":"https:\/\/www.thebathcollection.com\/en\/products\/tasos-columna-ducha\/","title":{"rendered":"Tasos shower column"},"content":{"rendered":"<p>Una soluci\u00f3n completa de ducha en acabado cromado. Dise\u00f1o sobrio y contempor\u00e1neo que combina funcionalidad y est\u00e9tica en un solo conjunto.<\/p>","protected":false},"featured_media":3406,"template":"","acabado":[],"product_cat":[40,28,41],"coleccion":[],"colocacion":[633],"color":[617],"product_download":[],"forma":[],"material":[],"modelo":[529],"ubicacion":[616],"new_product":[],"class_list":["post-3404","product","type-product","status-publish","has-post-thumbnail","hentry","product_cat-accesorios","product_cat-complementos","product_cat-griferia","colocacion-ducha","color-gris-claro","modelo-griferia-tasos","ubicacion-ducha"],"acf":[],"yoast_head":"<!-- This site is optimized with the Yoast SEO plugin v27.4 - https:\/\/yoast.com\/product\/yoast-seo-wordpress\/ -->\n<title>Tasos columna ducha - Bathco<\/title>\n<meta name=\"robots\" content=\"index, follow, max-snippet:-1, max-image-preview:large, max-video-preview:-1\" \/>\n<link rel=\"canonical\" href=\"https:\/\/www.thebathcollection.com\/en\/products\/tasos-columna-ducha\/\" \/>\n<meta property=\"og:locale\" content=\"en_US\" \/>\n<meta property=\"og:type\" content=\"article\" \/>\n<meta property=\"og:title\" content=\"Tasos columna ducha - Bathco\" \/>\n<meta property=\"og:description\" content=\"Una soluci\u00f3n completa de ducha en acabado cromado. Dise\u00f1o sobrio y contempor\u00e1neo que combina funcionalidad y est\u00e9tica en un solo conjunto.\" \/>\n<meta property=\"og:url\" content=\"https:\/\/www.thebathcollection.com\/en\/products\/tasos-columna-ducha\/\" \/>\n<meta property=\"og:site_name\" content=\"Bathco\" \/>\n<meta property=\"article:modified_time\" content=\"2026-02-15T22:29:55+00:00\" \/>\n<meta property=\"og:image\" content=\"https:\/\/www.thebathcollection.com\/wp-content\/uploads\/2025\/09\/32244_es-18100-columna-tasos-ducha-bathco-Real.jpg\" \/>\n\t<meta property=\"og:image:width\" content=\"1200\" \/>\n\t<meta property=\"og:image:height\" content=\"900\" \/>\n\t<meta property=\"og:image:type\" content=\"image\/jpeg\" \/>\n<meta name=\"twitter:card\" content=\"summary_large_image\" \/>\n<meta name=\"twitter:label1\" content=\"Est. reading time\" \/>\n\t<meta name=\"twitter:data1\" content=\"1 minute\" \/>\n<script type=\"application\/ld+json\" class=\"yoast-schema-graph\">{\"@context\":\"https:\\\/\\\/schema.org\",\"@graph\":[{\"@type\":\"WebPage\",\"@id\":\"https:\\\/\\\/www.thebathcollection.com\\\/productos\\\/tasos-columna-ducha\\\/\",\"url\":\"https:\\\/\\\/www.thebathcollection.com\\\/productos\\\/tasos-columna-ducha\\\/\",\"name\":\"Tasos columna ducha - Bathco\",\"isPartOf\":{\"@id\":\"https:\\\/\\\/www.thebathcollection.com\\\/#website\"},\"primaryImageOfPage\":{\"@id\":\"https:\\\/\\\/www.thebathcollection.com\\\/productos\\\/tasos-columna-ducha\\\/#primaryimage\"},\"image\":{\"@id\":\"https:\\\/\\\/www.thebathcollection.com\\\/productos\\\/tasos-columna-ducha\\\/#primaryimage\"},\"thumbnailUrl\":\"https:\\\/\\\/www.thebathcollection.com\\\/wp-content\\\/uploads\\\/2025\\\/09\\\/32244_es-18100-columna-tasos-ducha-bathco-Real.jpg\",\"datePublished\":\"2025-09-22T23:37:09+00:00\",\"dateModified\":\"2026-02-15T22:29:55+00:00\",\"breadcrumb\":{\"@id\":\"https:\\\/\\\/www.thebathcollection.com\\\/productos\\\/tasos-columna-ducha\\\/#breadcrumb\"},\"inLanguage\":\"en-US\",\"potentialAction\":[{\"@type\":\"ReadAction\",\"target\":[\"https:\\\/\\\/www.thebathcollection.com\\\/productos\\\/tasos-columna-ducha\\\/\"]}]},{\"@type\":\"ImageObject\",\"inLanguage\":\"en-US\",\"@id\":\"https:\\\/\\\/www.thebathcollection.com\\\/productos\\\/tasos-columna-ducha\\\/#primaryimage\",\"url\":\"https:\\\/\\\/www.thebathcollection.com\\\/wp-content\\\/uploads\\\/2025\\\/09\\\/32244_es-18100-columna-tasos-ducha-bathco-Real.jpg\",\"contentUrl\":\"https:\\\/\\\/www.thebathcollection.com\\\/wp-content\\\/uploads\\\/2025\\\/09\\\/32244_es-18100-columna-tasos-ducha-bathco-Real.jpg\",\"width\":1200,\"height\":900},{\"@type\":\"BreadcrumbList\",\"@id\":\"https:\\\/\\\/www.thebathcollection.com\\\/productos\\\/tasos-columna-ducha\\\/#breadcrumb\",\"itemListElement\":[{\"@type\":\"ListItem\",\"position\":1,\"name\":\"Home\",\"item\":\"https:\\\/\\\/www.thebathcollection.com\\\/\"},{\"@type\":\"ListItem\",\"position\":2,\"name\":\"Productos\",\"item\":\"https:\\\/\\\/www.thebathcollection.com\\\/productos\\\/\"},{\"@type\":\"ListItem\",\"position\":3,\"name\":\"Tasos columna ducha\"}]},{\"@type\":\"WebSite\",\"@id\":\"https:\\\/\\\/www.thebathcollection.com\\\/#website\",\"url\":\"https:\\\/\\\/www.thebathcollection.com\\\/\",\"name\":\"Bathco\",\"description\":\"Lavabos, sanitarios, platos de ducha y accesorios para el cuarto de ba\u00f1o\",\"potentialAction\":[{\"@type\":\"SearchAction\",\"target\":{\"@type\":\"EntryPoint\",\"urlTemplate\":\"https:\\\/\\\/www.thebathcollection.com\\\/?s={search_term_string}\"},\"query-input\":{\"@type\":\"PropertyValueSpecification\",\"valueRequired\":true,\"valueName\":\"search_term_string\"}}],\"inLanguage\":\"en-US\"}]}<\/script>\n<!-- \/ Yoast SEO plugin. -->","yoast_head_json":{"title":"Tasos columna ducha - Bathco","robots":{"index":"index","follow":"follow","max-snippet":"max-snippet:-1","max-image-preview":"max-image-preview:large","max-video-preview":"max-video-preview:-1"},"canonical":"https:\/\/www.thebathcollection.com\/en\/products\/tasos-columna-ducha\/","og_locale":"en_US","og_type":"article","og_title":"Tasos columna ducha - Bathco","og_description":"Una soluci\u00f3n completa de ducha en acabado cromado. Dise\u00f1o sobrio y contempor\u00e1neo que combina funcionalidad y est\u00e9tica en un solo conjunto.","og_url":"https:\/\/www.thebathcollection.com\/en\/products\/tasos-columna-ducha\/","og_site_name":"Bathco","article_modified_time":"2026-02-15T22:29:55+00:00","og_image":[{"width":1200,"height":900,"url":"https:\/\/www.thebathcollection.com\/wp-content\/uploads\/2025\/09\/32244_es-18100-columna-tasos-ducha-bathco-Real.jpg","type":"image\/jpeg"}],"twitter_card":"summary_large_image","twitter_misc":{"Est. reading time":"1 minute"},"schema":{"@context":"https:\/\/schema.org","@graph":[{"@type":"WebPage","@id":"https:\/\/www.thebathcollection.com\/productos\/tasos-columna-ducha\/","url":"https:\/\/www.thebathcollection.com\/productos\/tasos-columna-ducha\/","name":"Tasos columna ducha - Bathco","isPartOf":{"@id":"https:\/\/www.thebathcollection.com\/#website"},"primaryImageOfPage":{"@id":"https:\/\/www.thebathcollection.com\/productos\/tasos-columna-ducha\/#primaryimage"},"image":{"@id":"https:\/\/www.thebathcollection.com\/productos\/tasos-columna-ducha\/#primaryimage"},"thumbnailUrl":"https:\/\/www.thebathcollection.com\/wp-content\/uploads\/2025\/09\/32244_es-18100-columna-tasos-ducha-bathco-Real.jpg","datePublished":"2025-09-22T23:37:09+00:00","dateModified":"2026-02-15T22:29:55+00:00","breadcrumb":{"@id":"https:\/\/www.thebathcollection.com\/productos\/tasos-columna-ducha\/#breadcrumb"},"inLanguage":"en-US","potentialAction":[{"@type":"ReadAction","target":["https:\/\/www.thebathcollection.com\/productos\/tasos-columna-ducha\/"]}]},{"@type":"ImageObject","inLanguage":"en-US","@id":"https:\/\/www.thebathcollection.com\/productos\/tasos-columna-ducha\/#primaryimage","url":"https:\/\/www.thebathcollection.com\/wp-content\/uploads\/2025\/09\/32244_es-18100-columna-tasos-ducha-bathco-Real.jpg","contentUrl":"https:\/\/www.thebathcollection.com\/wp-content\/uploads\/2025\/09\/32244_es-18100-columna-tasos-ducha-bathco-Real.jpg","width":1200,"height":900},{"@type":"BreadcrumbList","@id":"https:\/\/www.thebathcollection.com\/productos\/tasos-columna-ducha\/#breadcrumb","itemListElement":[{"@type":"ListItem","position":1,"name":"Home","item":"https:\/\/www.thebathcollection.com\/"},{"@type":"ListItem","position":2,"name":"Productos","item":"https:\/\/www.thebathcollection.com\/productos\/"},{"@type":"ListItem","position":3,"name":"Tasos columna ducha"}]},{"@type":"WebSite","@id":"https:\/\/www.thebathcollection.com\/#website","url":"https:\/\/www.thebathcollection.com\/","name":"Bathco","description":"Washbasins, toilets, shower trays and bathroom accessories","potentialAction":[{"@type":"SearchAction","target":{"@type":"EntryPoint","urlTemplate":"https:\/\/www.thebathcollection.com\/?s={search_term_string}"},"query-input":{"@type":"PropertyValueSpecification","valueRequired":true,"valueName":"search_term_string"}}],"inLanguage":"en-US"}]}},"_links":{"self":[{"href":"https:\/\/www.thebathcollection.com\/en\/wp-json\/wp\/v2\/product\/3404","targetHints":{"allow":["GET"]}}],"collection":[{"href":"https:\/\/www.thebathcollection.com\/en\/wp-json\/wp\/v2\/product"}],"about":[{"href":"https:\/\/www.thebathcollection.com\/en\/wp-json\/wp\/v2\/types\/product"}],"wp:featuredmedia":[{"embeddable":true,"href":"https:\/\/www.thebathcollection.com\/en\/wp-json\/wp\/v2\/media\/3406"}],"wp:attachment":[{"href":"https:\/\/www.thebathcollection.com\/en\/wp-json\/wp\/v2\/media?parent=3404"}],"wp:term":[{"taxonomy":"acabado","embeddable":true,"href":"https:\/\/www.thebathcollection.com\/en\/wp-json\/wp\/v2\/acabado?post=3404"},{"taxonomy":"product_cat","embeddable":true,"href":"https:\/\/www.thebathcollection.com\/en\/wp-json\/wp\/v2\/product_cat?post=3404"},{"taxonomy":"coleccion","embeddable":true,"href":"https:\/\/www.thebathcollection.com\/en\/wp-json\/wp\/v2\/coleccion?post=3404"},{"taxonomy":"colocacion","embeddable":true,"href":"https:\/\/www.thebathcollection.com\/en\/wp-json\/wp\/v2\/colocacion?post=3404"},{"taxonomy":"color","embeddable":true,"href":"https:\/\/www.thebathcollection.com\/en\/wp-json\/wp\/v2\/color?post=3404"},{"taxonomy":"product_download","embeddable":true,"href":"https:\/\/www.thebathcollection.com\/en\/wp-json\/wp\/v2\/product_download?post=3404"},{"taxonomy":"forma","embeddable":true,"href":"https:\/\/www.thebathcollection.com\/en\/wp-json\/wp\/v2\/forma?post=3404"},{"taxonomy":"material","embeddable":true,"href":"https:\/\/www.thebathcollection.com\/en\/wp-json\/wp\/v2\/material?post=3404"},{"taxonomy":"modelo","embeddable":true,"href":"https:\/\/www.thebathcollection.com\/en\/wp-json\/wp\/v2\/modelo?post=3404"},{"taxonomy":"ubicacion","embeddable":true,"href":"https:\/\/www.thebathcollection.com\/en\/wp-json\/wp\/v2\/ubicacion?post=3404"},{"taxonomy":"new_product","embeddable":true,"href":"https:\/\/www.thebathcollection.com\/en\/wp-json\/wp\/v2\/new_product?post=3404"}],"curies":[{"name":"wp","href":"https:\/\/api.w.org\/{rel}","templated":true}]}}