{"id":3467,"date":"2025-09-22T23:37:49","date_gmt":"2025-09-22T23:37:49","guid":{"rendered":"https:\/\/www.thebathcollection.com\/product\/titanic-1a-clase\/"},"modified":"2026-02-23T10:04:08","modified_gmt":"2026-02-23T10:04:08","slug":"titanic-1st-class","status":"publish","type":"product","link":"https:\/\/www.thebathcollection.com\/en\/products\/titanic-1st-class\/","title":{"rendered":"Titanic 1st class"},"content":{"rendered":"<p>Oval white porcelain washbasin, designed for undercounter installation. Its classic and timeless line conveys elegance and sobriety.<\/p>","protected":false},"featured_media":3469,"template":"","acabado":[19],"product_cat":[610,29],"coleccion":[34],"colocacion":[107],"color":[30],"product_download":[672,658,659],"forma":[3],"material":[11],"modelo":[],"ubicacion":[],"new_product":[],"class_list":["post-3467","product","type-product","status-publish","has-post-thumbnail","hentry","acabado-brillo","product_cat-bajoencastre","product_cat-lavabos","coleccion-essentials","colocacion-bajoencastre","color-blanco","product_download-dc-lavabos-porcelana","product_download-dp-lavabos-de-porcelana-con-rebosadero","product_download-manual-de-mantenimiento","forma-oval","material-porcelana"],"acf":[],"yoast_head":"<!-- This site is optimized with the Yoast SEO plugin v27.4 - https:\/\/yoast.com\/product\/yoast-seo-wordpress\/ -->\n<title>Titanic 1\u00aa clase - Lavabo oval bajoencastre - Bathco<\/title>\n<meta name=\"robots\" content=\"index, follow, max-snippet:-1, max-image-preview:large, max-video-preview:-1\" \/>\n<link rel=\"canonical\" href=\"https:\/\/www.thebathcollection.com\/en\/products\/titanic-1st-class\/\" \/>\n<meta property=\"og:locale\" content=\"en_US\" \/>\n<meta property=\"og:type\" content=\"article\" \/>\n<meta property=\"og:title\" content=\"Titanic 1\u00aa clase - Lavabo oval bajoencastre - Bathco\" \/>\n<meta property=\"og:description\" content=\"Lavabo oval en porcelana blanca, dise\u00f1ado para instalaci\u00f3n bajo encimera. Su l\u00ednea cl\u00e1sica y atemporal transmite elegancia y sobriedad.\" \/>\n<meta property=\"og:url\" content=\"https:\/\/www.thebathcollection.com\/en\/products\/titanic-1st-class\/\" \/>\n<meta property=\"og:site_name\" content=\"Bathco\" \/>\n<meta property=\"article:modified_time\" content=\"2026-02-23T10:04:08+00:00\" \/>\n<meta property=\"og:image\" content=\"https:\/\/www.thebathcollection.com\/wp-content\/uploads\/2025\/09\/15250_es-lavabo-titanic-primera-clase-ref4073-the-bath-collection-Real.jpg\" \/>\n\t<meta property=\"og:image:width\" content=\"1200\" \/>\n\t<meta property=\"og:image:height\" content=\"900\" \/>\n\t<meta property=\"og:image:type\" content=\"image\/jpeg\" \/>\n<meta name=\"twitter:card\" content=\"summary_large_image\" \/>\n<meta name=\"twitter:label1\" content=\"Est. reading time\" \/>\n\t<meta name=\"twitter:data1\" content=\"1 minute\" \/>\n<script type=\"application\/ld+json\" class=\"yoast-schema-graph\">{\"@context\":\"https:\\\/\\\/schema.org\",\"@graph\":[{\"@type\":\"WebPage\",\"@id\":\"https:\\\/\\\/www.thebathcollection.com\\\/productos\\\/titanic-1a-clase\\\/\",\"url\":\"https:\\\/\\\/www.thebathcollection.com\\\/productos\\\/titanic-1a-clase\\\/\",\"name\":\"Titanic 1\u00aa clase - Lavabo oval bajoencastre - Bathco\",\"isPartOf\":{\"@id\":\"https:\\\/\\\/www.thebathcollection.com\\\/#website\"},\"primaryImageOfPage\":{\"@id\":\"https:\\\/\\\/www.thebathcollection.com\\\/productos\\\/titanic-1a-clase\\\/#primaryimage\"},\"image\":{\"@id\":\"https:\\\/\\\/www.thebathcollection.com\\\/productos\\\/titanic-1a-clase\\\/#primaryimage\"},\"thumbnailUrl\":\"https:\\\/\\\/www.thebathcollection.com\\\/wp-content\\\/uploads\\\/2025\\\/09\\\/15250_es-lavabo-titanic-primera-clase-ref4073-the-bath-collection-Real.jpg\",\"datePublished\":\"2025-09-22T23:37:49+00:00\",\"dateModified\":\"2026-02-23T10:04:08+00:00\",\"breadcrumb\":{\"@id\":\"https:\\\/\\\/www.thebathcollection.com\\\/productos\\\/titanic-1a-clase\\\/#breadcrumb\"},\"inLanguage\":\"en-US\",\"potentialAction\":[{\"@type\":\"ReadAction\",\"target\":[\"https:\\\/\\\/www.thebathcollection.com\\\/productos\\\/titanic-1a-clase\\\/\"]}]},{\"@type\":\"ImageObject\",\"inLanguage\":\"en-US\",\"@id\":\"https:\\\/\\\/www.thebathcollection.com\\\/productos\\\/titanic-1a-clase\\\/#primaryimage\",\"url\":\"https:\\\/\\\/www.thebathcollection.com\\\/wp-content\\\/uploads\\\/2025\\\/09\\\/15250_es-lavabo-titanic-primera-clase-ref4073-the-bath-collection-Real.jpg\",\"contentUrl\":\"https:\\\/\\\/www.thebathcollection.com\\\/wp-content\\\/uploads\\\/2025\\\/09\\\/15250_es-lavabo-titanic-primera-clase-ref4073-the-bath-collection-Real.jpg\",\"width\":1200,\"height\":900},{\"@type\":\"BreadcrumbList\",\"@id\":\"https:\\\/\\\/www.thebathcollection.com\\\/productos\\\/titanic-1a-clase\\\/#breadcrumb\",\"itemListElement\":[{\"@type\":\"ListItem\",\"position\":1,\"name\":\"Home\",\"item\":\"https:\\\/\\\/www.thebathcollection.com\\\/\"},{\"@type\":\"ListItem\",\"position\":2,\"name\":\"Productos\",\"item\":\"https:\\\/\\\/www.thebathcollection.com\\\/productos\\\/\"},{\"@type\":\"ListItem\",\"position\":3,\"name\":\"Titanic 1\u00aa clase\"}]},{\"@type\":\"WebSite\",\"@id\":\"https:\\\/\\\/www.thebathcollection.com\\\/#website\",\"url\":\"https:\\\/\\\/www.thebathcollection.com\\\/\",\"name\":\"Bathco\",\"description\":\"Lavabos, sanitarios, platos de ducha y accesorios para el cuarto de ba\u00f1o\",\"potentialAction\":[{\"@type\":\"SearchAction\",\"target\":{\"@type\":\"EntryPoint\",\"urlTemplate\":\"https:\\\/\\\/www.thebathcollection.com\\\/?s={search_term_string}\"},\"query-input\":{\"@type\":\"PropertyValueSpecification\",\"valueRequired\":true,\"valueName\":\"search_term_string\"}}],\"inLanguage\":\"en-US\"}]}<\/script>\n<!-- \/ Yoast SEO plugin. -->","yoast_head_json":{"title":"Titanic 1st class - Oval undermount washbasin - Bathco","robots":{"index":"index","follow":"follow","max-snippet":"max-snippet:-1","max-image-preview":"max-image-preview:large","max-video-preview":"max-video-preview:-1"},"canonical":"https:\/\/www.thebathcollection.com\/en\/products\/titanic-1st-class\/","og_locale":"en_US","og_type":"article","og_title":"Titanic 1\u00aa clase - Lavabo oval bajoencastre - Bathco","og_description":"Lavabo oval en porcelana blanca, dise\u00f1ado para instalaci\u00f3n bajo encimera. Su l\u00ednea cl\u00e1sica y atemporal transmite elegancia y sobriedad.","og_url":"https:\/\/www.thebathcollection.com\/en\/products\/titanic-1st-class\/","og_site_name":"Bathco","article_modified_time":"2026-02-23T10:04:08+00:00","og_image":[{"width":1200,"height":900,"url":"https:\/\/www.thebathcollection.com\/wp-content\/uploads\/2025\/09\/15250_es-lavabo-titanic-primera-clase-ref4073-the-bath-collection-Real.jpg","type":"image\/jpeg"}],"twitter_card":"summary_large_image","twitter_misc":{"Est. reading time":"1 minute"},"schema":{"@context":"https:\/\/schema.org","@graph":[{"@type":"WebPage","@id":"https:\/\/www.thebathcollection.com\/productos\/titanic-1a-clase\/","url":"https:\/\/www.thebathcollection.com\/productos\/titanic-1a-clase\/","name":"Titanic 1st class - Oval undermount washbasin - Bathco","isPartOf":{"@id":"https:\/\/www.thebathcollection.com\/#website"},"primaryImageOfPage":{"@id":"https:\/\/www.thebathcollection.com\/productos\/titanic-1a-clase\/#primaryimage"},"image":{"@id":"https:\/\/www.thebathcollection.com\/productos\/titanic-1a-clase\/#primaryimage"},"thumbnailUrl":"https:\/\/www.thebathcollection.com\/wp-content\/uploads\/2025\/09\/15250_es-lavabo-titanic-primera-clase-ref4073-the-bath-collection-Real.jpg","datePublished":"2025-09-22T23:37:49+00:00","dateModified":"2026-02-23T10:04:08+00:00","breadcrumb":{"@id":"https:\/\/www.thebathcollection.com\/productos\/titanic-1a-clase\/#breadcrumb"},"inLanguage":"en-US","potentialAction":[{"@type":"ReadAction","target":["https:\/\/www.thebathcollection.com\/productos\/titanic-1a-clase\/"]}]},{"@type":"ImageObject","inLanguage":"en-US","@id":"https:\/\/www.thebathcollection.com\/productos\/titanic-1a-clase\/#primaryimage","url":"https:\/\/www.thebathcollection.com\/wp-content\/uploads\/2025\/09\/15250_es-lavabo-titanic-primera-clase-ref4073-the-bath-collection-Real.jpg","contentUrl":"https:\/\/www.thebathcollection.com\/wp-content\/uploads\/2025\/09\/15250_es-lavabo-titanic-primera-clase-ref4073-the-bath-collection-Real.jpg","width":1200,"height":900},{"@type":"BreadcrumbList","@id":"https:\/\/www.thebathcollection.com\/productos\/titanic-1a-clase\/#breadcrumb","itemListElement":[{"@type":"ListItem","position":1,"name":"Home","item":"https:\/\/www.thebathcollection.com\/"},{"@type":"ListItem","position":2,"name":"Productos","item":"https:\/\/www.thebathcollection.com\/productos\/"},{"@type":"ListItem","position":3,"name":"Titanic 1\u00aa clase"}]},{"@type":"WebSite","@id":"https:\/\/www.thebathcollection.com\/#website","url":"https:\/\/www.thebathcollection.com\/","name":"Bathco","description":"Washbasins, toilets, shower trays and bathroom accessories","potentialAction":[{"@type":"SearchAction","target":{"@type":"EntryPoint","urlTemplate":"https:\/\/www.thebathcollection.com\/?s={search_term_string}"},"query-input":{"@type":"PropertyValueSpecification","valueRequired":true,"valueName":"search_term_string"}}],"inLanguage":"en-US"}]}},"_links":{"self":[{"href":"https:\/\/www.thebathcollection.com\/en\/wp-json\/wp\/v2\/product\/3467","targetHints":{"allow":["GET"]}}],"collection":[{"href":"https:\/\/www.thebathcollection.com\/en\/wp-json\/wp\/v2\/product"}],"about":[{"href":"https:\/\/www.thebathcollection.com\/en\/wp-json\/wp\/v2\/types\/product"}],"wp:featuredmedia":[{"embeddable":true,"href":"https:\/\/www.thebathcollection.com\/en\/wp-json\/wp\/v2\/media\/3469"}],"wp:attachment":[{"href":"https:\/\/www.thebathcollection.com\/en\/wp-json\/wp\/v2\/media?parent=3467"}],"wp:term":[{"taxonomy":"acabado","embeddable":true,"href":"https:\/\/www.thebathcollection.com\/en\/wp-json\/wp\/v2\/acabado?post=3467"},{"taxonomy":"product_cat","embeddable":true,"href":"https:\/\/www.thebathcollection.com\/en\/wp-json\/wp\/v2\/product_cat?post=3467"},{"taxonomy":"coleccion","embeddable":true,"href":"https:\/\/www.thebathcollection.com\/en\/wp-json\/wp\/v2\/coleccion?post=3467"},{"taxonomy":"colocacion","embeddable":true,"href":"https:\/\/www.thebathcollection.com\/en\/wp-json\/wp\/v2\/colocacion?post=3467"},{"taxonomy":"color","embeddable":true,"href":"https:\/\/www.thebathcollection.com\/en\/wp-json\/wp\/v2\/color?post=3467"},{"taxonomy":"product_download","embeddable":true,"href":"https:\/\/www.thebathcollection.com\/en\/wp-json\/wp\/v2\/product_download?post=3467"},{"taxonomy":"forma","embeddable":true,"href":"https:\/\/www.thebathcollection.com\/en\/wp-json\/wp\/v2\/forma?post=3467"},{"taxonomy":"material","embeddable":true,"href":"https:\/\/www.thebathcollection.com\/en\/wp-json\/wp\/v2\/material?post=3467"},{"taxonomy":"modelo","embeddable":true,"href":"https:\/\/www.thebathcollection.com\/en\/wp-json\/wp\/v2\/modelo?post=3467"},{"taxonomy":"ubicacion","embeddable":true,"href":"https:\/\/www.thebathcollection.com\/en\/wp-json\/wp\/v2\/ubicacion?post=3467"},{"taxonomy":"new_product","embeddable":true,"href":"https:\/\/www.thebathcollection.com\/en\/wp-json\/wp\/v2\/new_product?post=3467"}],"curies":[{"name":"wp","href":"https:\/\/api.w.org\/{rel}","templated":true}]}}