{"id":3810,"date":"2025-09-22T23:41:39","date_gmt":"2025-09-22T23:41:39","guid":{"rendered":"https:\/\/www.thebathcollection.com\/product\/vinci\/"},"modified":"2026-02-23T10:08:22","modified_gmt":"2026-02-23T10:08:22","slug":"beige-vinci","status":"publish","type":"product","link":"https:\/\/www.thebathcollection.com\/en\/products\/beige-vinci\/","title":{"rendered":"Vinci"},"content":{"rendered":"<p>Circular washbasin in Solid Surface combined with marine board. The mix of materials reinforces its natural and robust aesthetics, ideal for designer bathrooms.<\/p>","protected":false},"featured_media":3812,"template":"","acabado":[],"product_cat":[607,29],"coleccion":[66],"colocacion":[22],"color":[31],"product_download":[669],"forma":[4],"material":[136],"modelo":[569],"ubicacion":[],"new_product":[],"class_list":["post-3810","product","type-product","status-publish","has-post-thumbnail","hentry","product_cat-sobre-encimera","product_cat-lavabos","coleccion-solid-surface","colocacion-sobre-encimera","color-beige","product_download-dp-lavabos-solid-surface","forma-circular","material-solid-surface","modelo-vinci"],"acf":[],"yoast_head":"<!-- This site is optimized with the Yoast SEO plugin v27.4 - https:\/\/yoast.com\/product\/yoast-seo-wordpress\/ -->\n<title>Vinci beige - Lavabo circular sobre encimera - Bathco<\/title>\n<meta name=\"robots\" content=\"index, follow, max-snippet:-1, max-image-preview:large, max-video-preview:-1\" \/>\n<link rel=\"canonical\" href=\"https:\/\/www.thebathcollection.com\/en\/products\/beige-vinci\/\" \/>\n<meta property=\"og:locale\" content=\"en_US\" \/>\n<meta property=\"og:type\" content=\"article\" \/>\n<meta property=\"og:title\" content=\"Vinci beige - Lavabo circular sobre encimera - Bathco\" \/>\n<meta property=\"og:description\" content=\"Lavabo circular en Solid Surface combinado con tablero marino. La mezcla de materiales refuerza su est\u00e9tica natural y robusta, ideal para ba\u00f1os de dise\u00f1o.\" \/>\n<meta property=\"og:url\" content=\"https:\/\/www.thebathcollection.com\/en\/products\/beige-vinci\/\" \/>\n<meta property=\"og:site_name\" content=\"Bathco\" \/>\n<meta property=\"article:modified_time\" content=\"2026-02-23T10:08:22+00:00\" \/>\n<meta property=\"og:image\" content=\"https:\/\/www.thebathcollection.com\/wp-content\/uploads\/2025\/09\/27670_es-lavabo-vinci-sobre-encimera-de-solid-surface-y-madera-ref-6035-bathco-Real.jpg\" \/>\n\t<meta property=\"og:image:width\" content=\"1934\" \/>\n\t<meta property=\"og:image:height\" content=\"1200\" \/>\n\t<meta property=\"og:image:type\" content=\"image\/jpeg\" \/>\n<meta name=\"twitter:card\" content=\"summary_large_image\" \/>\n<meta name=\"twitter:label1\" content=\"Est. reading time\" \/>\n\t<meta name=\"twitter:data1\" content=\"1 minute\" \/>\n<script type=\"application\/ld+json\" class=\"yoast-schema-graph\">{\"@context\":\"https:\\\/\\\/schema.org\",\"@graph\":[{\"@type\":\"WebPage\",\"@id\":\"https:\\\/\\\/www.thebathcollection.com\\\/productos\\\/vinci-beige\\\/\",\"url\":\"https:\\\/\\\/www.thebathcollection.com\\\/productos\\\/vinci-beige\\\/\",\"name\":\"Vinci beige - Lavabo circular sobre encimera - Bathco\",\"isPartOf\":{\"@id\":\"https:\\\/\\\/www.thebathcollection.com\\\/#website\"},\"primaryImageOfPage\":{\"@id\":\"https:\\\/\\\/www.thebathcollection.com\\\/productos\\\/vinci-beige\\\/#primaryimage\"},\"image\":{\"@id\":\"https:\\\/\\\/www.thebathcollection.com\\\/productos\\\/vinci-beige\\\/#primaryimage\"},\"thumbnailUrl\":\"https:\\\/\\\/www.thebathcollection.com\\\/wp-content\\\/uploads\\\/2025\\\/09\\\/27670_es-lavabo-vinci-sobre-encimera-de-solid-surface-y-madera-ref-6035-bathco-Real.jpg\",\"datePublished\":\"2025-09-22T23:41:39+00:00\",\"dateModified\":\"2026-02-23T10:08:22+00:00\",\"breadcrumb\":{\"@id\":\"https:\\\/\\\/www.thebathcollection.com\\\/productos\\\/vinci-beige\\\/#breadcrumb\"},\"inLanguage\":\"en-US\",\"potentialAction\":[{\"@type\":\"ReadAction\",\"target\":[\"https:\\\/\\\/www.thebathcollection.com\\\/productos\\\/vinci-beige\\\/\"]}]},{\"@type\":\"ImageObject\",\"inLanguage\":\"en-US\",\"@id\":\"https:\\\/\\\/www.thebathcollection.com\\\/productos\\\/vinci-beige\\\/#primaryimage\",\"url\":\"https:\\\/\\\/www.thebathcollection.com\\\/wp-content\\\/uploads\\\/2025\\\/09\\\/27670_es-lavabo-vinci-sobre-encimera-de-solid-surface-y-madera-ref-6035-bathco-Real.jpg\",\"contentUrl\":\"https:\\\/\\\/www.thebathcollection.com\\\/wp-content\\\/uploads\\\/2025\\\/09\\\/27670_es-lavabo-vinci-sobre-encimera-de-solid-surface-y-madera-ref-6035-bathco-Real.jpg\",\"width\":1934,\"height\":1200},{\"@type\":\"BreadcrumbList\",\"@id\":\"https:\\\/\\\/www.thebathcollection.com\\\/productos\\\/vinci-beige\\\/#breadcrumb\",\"itemListElement\":[{\"@type\":\"ListItem\",\"position\":1,\"name\":\"Home\",\"item\":\"https:\\\/\\\/www.thebathcollection.com\\\/\"},{\"@type\":\"ListItem\",\"position\":2,\"name\":\"Productos\",\"item\":\"https:\\\/\\\/www.thebathcollection.com\\\/productos\\\/\"},{\"@type\":\"ListItem\",\"position\":3,\"name\":\"Vinci\"}]},{\"@type\":\"WebSite\",\"@id\":\"https:\\\/\\\/www.thebathcollection.com\\\/#website\",\"url\":\"https:\\\/\\\/www.thebathcollection.com\\\/\",\"name\":\"Bathco\",\"description\":\"Lavabos, sanitarios, platos de ducha y accesorios para el cuarto de ba\u00f1o\",\"potentialAction\":[{\"@type\":\"SearchAction\",\"target\":{\"@type\":\"EntryPoint\",\"urlTemplate\":\"https:\\\/\\\/www.thebathcollection.com\\\/?s={search_term_string}\"},\"query-input\":{\"@type\":\"PropertyValueSpecification\",\"valueRequired\":true,\"valueName\":\"search_term_string\"}}],\"inLanguage\":\"en-US\"}]}<\/script>\n<!-- \/ Yoast SEO plugin. -->","yoast_head_json":{"title":"Vinci beige - Circular countertop basin - Bathco","robots":{"index":"index","follow":"follow","max-snippet":"max-snippet:-1","max-image-preview":"max-image-preview:large","max-video-preview":"max-video-preview:-1"},"canonical":"https:\/\/www.thebathcollection.com\/en\/products\/beige-vinci\/","og_locale":"en_US","og_type":"article","og_title":"Vinci beige - Lavabo circular sobre encimera - Bathco","og_description":"Lavabo circular en Solid Surface combinado con tablero marino. La mezcla de materiales refuerza su est\u00e9tica natural y robusta, ideal para ba\u00f1os de dise\u00f1o.","og_url":"https:\/\/www.thebathcollection.com\/en\/products\/beige-vinci\/","og_site_name":"Bathco","article_modified_time":"2026-02-23T10:08:22+00:00","og_image":[{"width":1934,"height":1200,"url":"https:\/\/www.thebathcollection.com\/wp-content\/uploads\/2025\/09\/27670_es-lavabo-vinci-sobre-encimera-de-solid-surface-y-madera-ref-6035-bathco-Real.jpg","type":"image\/jpeg"}],"twitter_card":"summary_large_image","twitter_misc":{"Est. reading time":"1 minute"},"schema":{"@context":"https:\/\/schema.org","@graph":[{"@type":"WebPage","@id":"https:\/\/www.thebathcollection.com\/productos\/vinci-beige\/","url":"https:\/\/www.thebathcollection.com\/productos\/vinci-beige\/","name":"Vinci beige - Circular countertop basin - Bathco","isPartOf":{"@id":"https:\/\/www.thebathcollection.com\/#website"},"primaryImageOfPage":{"@id":"https:\/\/www.thebathcollection.com\/productos\/vinci-beige\/#primaryimage"},"image":{"@id":"https:\/\/www.thebathcollection.com\/productos\/vinci-beige\/#primaryimage"},"thumbnailUrl":"https:\/\/www.thebathcollection.com\/wp-content\/uploads\/2025\/09\/27670_es-lavabo-vinci-sobre-encimera-de-solid-surface-y-madera-ref-6035-bathco-Real.jpg","datePublished":"2025-09-22T23:41:39+00:00","dateModified":"2026-02-23T10:08:22+00:00","breadcrumb":{"@id":"https:\/\/www.thebathcollection.com\/productos\/vinci-beige\/#breadcrumb"},"inLanguage":"en-US","potentialAction":[{"@type":"ReadAction","target":["https:\/\/www.thebathcollection.com\/productos\/vinci-beige\/"]}]},{"@type":"ImageObject","inLanguage":"en-US","@id":"https:\/\/www.thebathcollection.com\/productos\/vinci-beige\/#primaryimage","url":"https:\/\/www.thebathcollection.com\/wp-content\/uploads\/2025\/09\/27670_es-lavabo-vinci-sobre-encimera-de-solid-surface-y-madera-ref-6035-bathco-Real.jpg","contentUrl":"https:\/\/www.thebathcollection.com\/wp-content\/uploads\/2025\/09\/27670_es-lavabo-vinci-sobre-encimera-de-solid-surface-y-madera-ref-6035-bathco-Real.jpg","width":1934,"height":1200},{"@type":"BreadcrumbList","@id":"https:\/\/www.thebathcollection.com\/productos\/vinci-beige\/#breadcrumb","itemListElement":[{"@type":"ListItem","position":1,"name":"Home","item":"https:\/\/www.thebathcollection.com\/"},{"@type":"ListItem","position":2,"name":"Productos","item":"https:\/\/www.thebathcollection.com\/productos\/"},{"@type":"ListItem","position":3,"name":"Vinci"}]},{"@type":"WebSite","@id":"https:\/\/www.thebathcollection.com\/#website","url":"https:\/\/www.thebathcollection.com\/","name":"Bathco","description":"Washbasins, toilets, shower trays and bathroom accessories","potentialAction":[{"@type":"SearchAction","target":{"@type":"EntryPoint","urlTemplate":"https:\/\/www.thebathcollection.com\/?s={search_term_string}"},"query-input":{"@type":"PropertyValueSpecification","valueRequired":true,"valueName":"search_term_string"}}],"inLanguage":"en-US"}]}},"_links":{"self":[{"href":"https:\/\/www.thebathcollection.com\/en\/wp-json\/wp\/v2\/product\/3810","targetHints":{"allow":["GET"]}}],"collection":[{"href":"https:\/\/www.thebathcollection.com\/en\/wp-json\/wp\/v2\/product"}],"about":[{"href":"https:\/\/www.thebathcollection.com\/en\/wp-json\/wp\/v2\/types\/product"}],"wp:featuredmedia":[{"embeddable":true,"href":"https:\/\/www.thebathcollection.com\/en\/wp-json\/wp\/v2\/media\/3812"}],"wp:attachment":[{"href":"https:\/\/www.thebathcollection.com\/en\/wp-json\/wp\/v2\/media?parent=3810"}],"wp:term":[{"taxonomy":"acabado","embeddable":true,"href":"https:\/\/www.thebathcollection.com\/en\/wp-json\/wp\/v2\/acabado?post=3810"},{"taxonomy":"product_cat","embeddable":true,"href":"https:\/\/www.thebathcollection.com\/en\/wp-json\/wp\/v2\/product_cat?post=3810"},{"taxonomy":"coleccion","embeddable":true,"href":"https:\/\/www.thebathcollection.com\/en\/wp-json\/wp\/v2\/coleccion?post=3810"},{"taxonomy":"colocacion","embeddable":true,"href":"https:\/\/www.thebathcollection.com\/en\/wp-json\/wp\/v2\/colocacion?post=3810"},{"taxonomy":"color","embeddable":true,"href":"https:\/\/www.thebathcollection.com\/en\/wp-json\/wp\/v2\/color?post=3810"},{"taxonomy":"product_download","embeddable":true,"href":"https:\/\/www.thebathcollection.com\/en\/wp-json\/wp\/v2\/product_download?post=3810"},{"taxonomy":"forma","embeddable":true,"href":"https:\/\/www.thebathcollection.com\/en\/wp-json\/wp\/v2\/forma?post=3810"},{"taxonomy":"material","embeddable":true,"href":"https:\/\/www.thebathcollection.com\/en\/wp-json\/wp\/v2\/material?post=3810"},{"taxonomy":"modelo","embeddable":true,"href":"https:\/\/www.thebathcollection.com\/en\/wp-json\/wp\/v2\/modelo?post=3810"},{"taxonomy":"ubicacion","embeddable":true,"href":"https:\/\/www.thebathcollection.com\/en\/wp-json\/wp\/v2\/ubicacion?post=3810"},{"taxonomy":"new_product","embeddable":true,"href":"https:\/\/www.thebathcollection.com\/en\/wp-json\/wp\/v2\/new_product?post=3810"}],"curies":[{"name":"wp","href":"https:\/\/api.w.org\/{rel}","templated":true}]}}