{"id":868,"date":"2025-09-22T23:08:57","date_gmt":"2025-09-22T23:08:57","guid":{"rendered":"https:\/\/www.thebathcollection.com\/product\/antequera-inodoro-con-tanque\/"},"modified":"2026-02-23T10:27:54","modified_gmt":"2026-02-23T10:27:54","slug":"antequera-toilet-with-tank","status":"publish","type":"product","link":"https:\/\/www.thebathcollection.com\/en\/products\/antequera-toilet-with-tank\/","title":{"rendered":"Antequera tank toilet"},"content":{"rendered":"<p>La versi\u00f3n con tanque ofrece una soluci\u00f3n completa en porcelana brillo. Integra sistema rimless, tapa soft close y extracci\u00f3n sencilla, adem\u00e1s de doble descarga de 3\/6 L para un consumo m\u00e1s eficiente. Una propuesta que une comodidad, higiene y dise\u00f1o actual.<\/p>","protected":false},"featured_media":870,"template":"","acabado":[],"product_cat":[113,39],"coleccion":[34],"colocacion":[114],"color":[30],"product_download":[673,662],"forma":[],"material":[11],"modelo":[112],"ubicacion":[],"new_product":[],"class_list":["post-868","product","type-product","status-publish","has-post-thumbnail","hentry","product_cat-inodoros","product_cat-sanitarios","coleccion-essentials","colocacion-con-tanque","color-blanco","product_download-dc-sanitarios","product_download-dp-inodoro-con-tanque","material-porcelana","modelo-inodoro-antequera"],"acf":[],"yoast_head":"<!-- This site is optimized with the Yoast SEO plugin v27.4 - https:\/\/yoast.com\/product\/yoast-seo-wordpress\/ -->\n<title>Antequera inodoro con tanque blanco brillo - Bathco<\/title>\n<meta name=\"robots\" content=\"index, follow, max-snippet:-1, max-image-preview:large, max-video-preview:-1\" \/>\n<link rel=\"canonical\" href=\"https:\/\/www.thebathcollection.com\/en\/products\/antequera-toilet-with-tank\/\" \/>\n<meta property=\"og:locale\" content=\"en_US\" \/>\n<meta property=\"og:type\" content=\"article\" \/>\n<meta property=\"og:title\" content=\"Antequera inodoro con tanque blanco brillo - Bathco\" \/>\n<meta property=\"og:description\" content=\"La versi\u00f3n con tanque ofrece una soluci\u00f3n completa en porcelana brillo. Integra sistema rimless, tapa soft close y extracci\u00f3n sencilla, adem\u00e1s de doble descarga de 3\/6 L para un consumo m\u00e1s eficiente. Una propuesta que une comodidad, higiene y dise\u00f1o actual.\" \/>\n<meta property=\"og:url\" content=\"https:\/\/www.thebathcollection.com\/en\/products\/antequera-toilet-with-tank\/\" \/>\n<meta property=\"og:site_name\" content=\"Bathco\" \/>\n<meta property=\"article:modified_time\" content=\"2026-02-23T10:27:54+00:00\" \/>\n<meta property=\"og:image\" content=\"https:\/\/www.thebathcollection.com\/wp-content\/uploads\/2025\/09\/31366_es-inodoro-con-tanque-antequera-de-bathco-Real.jpg\" \/>\n\t<meta property=\"og:image:width\" content=\"1200\" \/>\n\t<meta property=\"og:image:height\" content=\"900\" \/>\n\t<meta property=\"og:image:type\" content=\"image\/jpeg\" \/>\n<meta name=\"twitter:card\" content=\"summary_large_image\" \/>\n<meta name=\"twitter:label1\" content=\"Est. reading time\" \/>\n\t<meta name=\"twitter:data1\" content=\"1 minute\" \/>\n<script type=\"application\/ld+json\" class=\"yoast-schema-graph\">{\"@context\":\"https:\\\/\\\/schema.org\",\"@graph\":[{\"@type\":\"WebPage\",\"@id\":\"https:\\\/\\\/www.thebathcollection.com\\\/productos\\\/antequera-inodoro-con-tanque\\\/\",\"url\":\"https:\\\/\\\/www.thebathcollection.com\\\/productos\\\/antequera-inodoro-con-tanque\\\/\",\"name\":\"Antequera inodoro con tanque blanco brillo - Bathco\",\"isPartOf\":{\"@id\":\"https:\\\/\\\/www.thebathcollection.com\\\/#website\"},\"primaryImageOfPage\":{\"@id\":\"https:\\\/\\\/www.thebathcollection.com\\\/productos\\\/antequera-inodoro-con-tanque\\\/#primaryimage\"},\"image\":{\"@id\":\"https:\\\/\\\/www.thebathcollection.com\\\/productos\\\/antequera-inodoro-con-tanque\\\/#primaryimage\"},\"thumbnailUrl\":\"https:\\\/\\\/www.thebathcollection.com\\\/wp-content\\\/uploads\\\/2025\\\/09\\\/31366_es-inodoro-con-tanque-antequera-de-bathco-Real.jpg\",\"datePublished\":\"2025-09-22T23:08:57+00:00\",\"dateModified\":\"2026-02-23T10:27:54+00:00\",\"breadcrumb\":{\"@id\":\"https:\\\/\\\/www.thebathcollection.com\\\/productos\\\/antequera-inodoro-con-tanque\\\/#breadcrumb\"},\"inLanguage\":\"en-US\",\"potentialAction\":[{\"@type\":\"ReadAction\",\"target\":[\"https:\\\/\\\/www.thebathcollection.com\\\/productos\\\/antequera-inodoro-con-tanque\\\/\"]}]},{\"@type\":\"ImageObject\",\"inLanguage\":\"en-US\",\"@id\":\"https:\\\/\\\/www.thebathcollection.com\\\/productos\\\/antequera-inodoro-con-tanque\\\/#primaryimage\",\"url\":\"https:\\\/\\\/www.thebathcollection.com\\\/wp-content\\\/uploads\\\/2025\\\/09\\\/31366_es-inodoro-con-tanque-antequera-de-bathco-Real.jpg\",\"contentUrl\":\"https:\\\/\\\/www.thebathcollection.com\\\/wp-content\\\/uploads\\\/2025\\\/09\\\/31366_es-inodoro-con-tanque-antequera-de-bathco-Real.jpg\",\"width\":1200,\"height\":900},{\"@type\":\"BreadcrumbList\",\"@id\":\"https:\\\/\\\/www.thebathcollection.com\\\/productos\\\/antequera-inodoro-con-tanque\\\/#breadcrumb\",\"itemListElement\":[{\"@type\":\"ListItem\",\"position\":1,\"name\":\"Home\",\"item\":\"https:\\\/\\\/www.thebathcollection.com\\\/\"},{\"@type\":\"ListItem\",\"position\":2,\"name\":\"Productos\",\"item\":\"https:\\\/\\\/www.thebathcollection.com\\\/productos\\\/\"},{\"@type\":\"ListItem\",\"position\":3,\"name\":\"Inodoro con tanque Antequera\"}]},{\"@type\":\"WebSite\",\"@id\":\"https:\\\/\\\/www.thebathcollection.com\\\/#website\",\"url\":\"https:\\\/\\\/www.thebathcollection.com\\\/\",\"name\":\"Bathco\",\"description\":\"Lavabos, sanitarios, platos de ducha y accesorios para el cuarto de ba\u00f1o\",\"potentialAction\":[{\"@type\":\"SearchAction\",\"target\":{\"@type\":\"EntryPoint\",\"urlTemplate\":\"https:\\\/\\\/www.thebathcollection.com\\\/?s={search_term_string}\"},\"query-input\":{\"@type\":\"PropertyValueSpecification\",\"valueRequired\":true,\"valueName\":\"search_term_string\"}}],\"inLanguage\":\"en-US\"}]}<\/script>\n<!-- \/ Yoast SEO plugin. -->","yoast_head_json":{"title":"Antequera inodoro con tanque blanco brillo - Bathco","robots":{"index":"index","follow":"follow","max-snippet":"max-snippet:-1","max-image-preview":"max-image-preview:large","max-video-preview":"max-video-preview:-1"},"canonical":"https:\/\/www.thebathcollection.com\/en\/products\/antequera-toilet-with-tank\/","og_locale":"en_US","og_type":"article","og_title":"Antequera inodoro con tanque blanco brillo - Bathco","og_description":"La versi\u00f3n con tanque ofrece una soluci\u00f3n completa en porcelana brillo. Integra sistema rimless, tapa soft close y extracci\u00f3n sencilla, adem\u00e1s de doble descarga de 3\/6 L para un consumo m\u00e1s eficiente. Una propuesta que une comodidad, higiene y dise\u00f1o actual.","og_url":"https:\/\/www.thebathcollection.com\/en\/products\/antequera-toilet-with-tank\/","og_site_name":"Bathco","article_modified_time":"2026-02-23T10:27:54+00:00","og_image":[{"width":1200,"height":900,"url":"https:\/\/www.thebathcollection.com\/wp-content\/uploads\/2025\/09\/31366_es-inodoro-con-tanque-antequera-de-bathco-Real.jpg","type":"image\/jpeg"}],"twitter_card":"summary_large_image","twitter_misc":{"Est. reading time":"1 minute"},"schema":{"@context":"https:\/\/schema.org","@graph":[{"@type":"WebPage","@id":"https:\/\/www.thebathcollection.com\/productos\/antequera-inodoro-con-tanque\/","url":"https:\/\/www.thebathcollection.com\/productos\/antequera-inodoro-con-tanque\/","name":"Antequera inodoro con tanque blanco brillo - Bathco","isPartOf":{"@id":"https:\/\/www.thebathcollection.com\/#website"},"primaryImageOfPage":{"@id":"https:\/\/www.thebathcollection.com\/productos\/antequera-inodoro-con-tanque\/#primaryimage"},"image":{"@id":"https:\/\/www.thebathcollection.com\/productos\/antequera-inodoro-con-tanque\/#primaryimage"},"thumbnailUrl":"https:\/\/www.thebathcollection.com\/wp-content\/uploads\/2025\/09\/31366_es-inodoro-con-tanque-antequera-de-bathco-Real.jpg","datePublished":"2025-09-22T23:08:57+00:00","dateModified":"2026-02-23T10:27:54+00:00","breadcrumb":{"@id":"https:\/\/www.thebathcollection.com\/productos\/antequera-inodoro-con-tanque\/#breadcrumb"},"inLanguage":"en-US","potentialAction":[{"@type":"ReadAction","target":["https:\/\/www.thebathcollection.com\/productos\/antequera-inodoro-con-tanque\/"]}]},{"@type":"ImageObject","inLanguage":"en-US","@id":"https:\/\/www.thebathcollection.com\/productos\/antequera-inodoro-con-tanque\/#primaryimage","url":"https:\/\/www.thebathcollection.com\/wp-content\/uploads\/2025\/09\/31366_es-inodoro-con-tanque-antequera-de-bathco-Real.jpg","contentUrl":"https:\/\/www.thebathcollection.com\/wp-content\/uploads\/2025\/09\/31366_es-inodoro-con-tanque-antequera-de-bathco-Real.jpg","width":1200,"height":900},{"@type":"BreadcrumbList","@id":"https:\/\/www.thebathcollection.com\/productos\/antequera-inodoro-con-tanque\/#breadcrumb","itemListElement":[{"@type":"ListItem","position":1,"name":"Home","item":"https:\/\/www.thebathcollection.com\/"},{"@type":"ListItem","position":2,"name":"Productos","item":"https:\/\/www.thebathcollection.com\/productos\/"},{"@type":"ListItem","position":3,"name":"Inodoro con tanque Antequera"}]},{"@type":"WebSite","@id":"https:\/\/www.thebathcollection.com\/#website","url":"https:\/\/www.thebathcollection.com\/","name":"Bathco","description":"Washbasins, toilets, shower trays and bathroom accessories","potentialAction":[{"@type":"SearchAction","target":{"@type":"EntryPoint","urlTemplate":"https:\/\/www.thebathcollection.com\/?s={search_term_string}"},"query-input":{"@type":"PropertyValueSpecification","valueRequired":true,"valueName":"search_term_string"}}],"inLanguage":"en-US"}]}},"_links":{"self":[{"href":"https:\/\/www.thebathcollection.com\/en\/wp-json\/wp\/v2\/product\/868","targetHints":{"allow":["GET"]}}],"collection":[{"href":"https:\/\/www.thebathcollection.com\/en\/wp-json\/wp\/v2\/product"}],"about":[{"href":"https:\/\/www.thebathcollection.com\/en\/wp-json\/wp\/v2\/types\/product"}],"wp:featuredmedia":[{"embeddable":true,"href":"https:\/\/www.thebathcollection.com\/en\/wp-json\/wp\/v2\/media\/870"}],"wp:attachment":[{"href":"https:\/\/www.thebathcollection.com\/en\/wp-json\/wp\/v2\/media?parent=868"}],"wp:term":[{"taxonomy":"acabado","embeddable":true,"href":"https:\/\/www.thebathcollection.com\/en\/wp-json\/wp\/v2\/acabado?post=868"},{"taxonomy":"product_cat","embeddable":true,"href":"https:\/\/www.thebathcollection.com\/en\/wp-json\/wp\/v2\/product_cat?post=868"},{"taxonomy":"coleccion","embeddable":true,"href":"https:\/\/www.thebathcollection.com\/en\/wp-json\/wp\/v2\/coleccion?post=868"},{"taxonomy":"colocacion","embeddable":true,"href":"https:\/\/www.thebathcollection.com\/en\/wp-json\/wp\/v2\/colocacion?post=868"},{"taxonomy":"color","embeddable":true,"href":"https:\/\/www.thebathcollection.com\/en\/wp-json\/wp\/v2\/color?post=868"},{"taxonomy":"product_download","embeddable":true,"href":"https:\/\/www.thebathcollection.com\/en\/wp-json\/wp\/v2\/product_download?post=868"},{"taxonomy":"forma","embeddable":true,"href":"https:\/\/www.thebathcollection.com\/en\/wp-json\/wp\/v2\/forma?post=868"},{"taxonomy":"material","embeddable":true,"href":"https:\/\/www.thebathcollection.com\/en\/wp-json\/wp\/v2\/material?post=868"},{"taxonomy":"modelo","embeddable":true,"href":"https:\/\/www.thebathcollection.com\/en\/wp-json\/wp\/v2\/modelo?post=868"},{"taxonomy":"ubicacion","embeddable":true,"href":"https:\/\/www.thebathcollection.com\/en\/wp-json\/wp\/v2\/ubicacion?post=868"},{"taxonomy":"new_product","embeddable":true,"href":"https:\/\/www.thebathcollection.com\/en\/wp-json\/wp\/v2\/new_product?post=868"}],"curies":[{"name":"wp","href":"https:\/\/api.w.org\/{rel}","templated":true}]}}