{"id":871,"date":"2025-09-22T23:09:02","date_gmt":"2025-09-22T23:09:02","guid":{"rendered":"https:\/\/www.thebathcollection.com\/product\/antequera-inodoro-suspendido\/"},"modified":"2026-02-23T10:27:22","modified_gmt":"2026-02-23T10:27:22","slug":"antequera-suspended-matte-toilet","status":"publish","type":"product","link":"https:\/\/www.thebathcollection.com\/en\/products\/antequera-suspended-matte-toilet\/","title":{"rendered":"Antequera wall hung toilet"},"content":{"rendered":"<p>The suspended format provides visual lightness and greater amplitude to the space. Available in gloss white, matte white and matte black, it incorporates rimless system, soft close lid and easy extraction. A toilet that combines refined design and practical technology for everyday use.<\/p>","protected":false},"featured_media":873,"template":"","acabado":[],"product_cat":[113,39],"coleccion":[34],"colocacion":[25],"color":[30],"product_download":[673,661],"forma":[],"material":[11],"modelo":[112],"ubicacion":[],"new_product":[],"class_list":["post-871","product","type-product","status-publish","has-post-thumbnail","hentry","product_cat-inodoros","product_cat-sanitarios","coleccion-essentials","colocacion-suspendido","color-blanco","product_download-dc-sanitarios","product_download-dp-inodoro-suspendido","material-porcelana","modelo-inodoro-antequera"],"acf":[],"yoast_head":"<!-- This site is optimized with the Yoast SEO plugin v27.4 - https:\/\/yoast.com\/product\/yoast-seo-wordpress\/ -->\n<title>Antequera inodoro suspendido blanco mate - Bathco<\/title>\n<meta name=\"robots\" content=\"index, follow, max-snippet:-1, max-image-preview:large, max-video-preview:-1\" \/>\n<link rel=\"canonical\" href=\"https:\/\/www.thebathcollection.com\/en\/products\/antequera-suspended-matte-toilet\/\" \/>\n<meta property=\"og:locale\" content=\"en_US\" \/>\n<meta property=\"og:type\" content=\"article\" \/>\n<meta property=\"og:title\" content=\"Antequera inodoro suspendido blanco mate - Bathco\" \/>\n<meta property=\"og:description\" content=\"El formato suspendido aporta ligereza visual y mayor amplitud al espacio. Disponible en blanco brillo, blanco mate y negro mate, incorpora sistema rimless, tapa soft close y extracci\u00f3n f\u00e1cil. Un inodoro que combina dise\u00f1o depurado y tecnolog\u00eda pr\u00e1ctica para el d\u00eda a d\u00eda.\" \/>\n<meta property=\"og:url\" content=\"https:\/\/www.thebathcollection.com\/en\/products\/antequera-suspended-matte-toilet\/\" \/>\n<meta property=\"og:site_name\" content=\"Bathco\" \/>\n<meta property=\"article:modified_time\" content=\"2026-02-23T10:27:22+00:00\" \/>\n<meta property=\"og:image\" content=\"https:\/\/www.thebathcollection.com\/wp-content\/uploads\/2025\/09\/31768_es-4560-inodoro-suspendido-antequera-blanco-de-bathco-Real.jpg\" \/>\n\t<meta property=\"og:image:width\" content=\"1200\" \/>\n\t<meta property=\"og:image:height\" content=\"900\" \/>\n\t<meta property=\"og:image:type\" content=\"image\/jpeg\" \/>\n<meta name=\"twitter:card\" content=\"summary_large_image\" \/>\n<meta name=\"twitter:label1\" content=\"Est. reading time\" \/>\n\t<meta name=\"twitter:data1\" content=\"1 minute\" \/>\n<script type=\"application\/ld+json\" class=\"yoast-schema-graph\">{\"@context\":\"https:\\\/\\\/schema.org\",\"@graph\":[{\"@type\":\"WebPage\",\"@id\":\"https:\\\/\\\/www.thebathcollection.com\\\/productos\\\/antequera-inodoro-suspendido-mate\\\/\",\"url\":\"https:\\\/\\\/www.thebathcollection.com\\\/productos\\\/antequera-inodoro-suspendido-mate\\\/\",\"name\":\"Antequera inodoro suspendido blanco mate - Bathco\",\"isPartOf\":{\"@id\":\"https:\\\/\\\/www.thebathcollection.com\\\/#website\"},\"primaryImageOfPage\":{\"@id\":\"https:\\\/\\\/www.thebathcollection.com\\\/productos\\\/antequera-inodoro-suspendido-mate\\\/#primaryimage\"},\"image\":{\"@id\":\"https:\\\/\\\/www.thebathcollection.com\\\/productos\\\/antequera-inodoro-suspendido-mate\\\/#primaryimage\"},\"thumbnailUrl\":\"https:\\\/\\\/www.thebathcollection.com\\\/wp-content\\\/uploads\\\/2025\\\/09\\\/31768_es-4560-inodoro-suspendido-antequera-blanco-de-bathco-Real.jpg\",\"datePublished\":\"2025-09-22T23:09:02+00:00\",\"dateModified\":\"2026-02-23T10:27:22+00:00\",\"breadcrumb\":{\"@id\":\"https:\\\/\\\/www.thebathcollection.com\\\/productos\\\/antequera-inodoro-suspendido-mate\\\/#breadcrumb\"},\"inLanguage\":\"en-US\",\"potentialAction\":[{\"@type\":\"ReadAction\",\"target\":[\"https:\\\/\\\/www.thebathcollection.com\\\/productos\\\/antequera-inodoro-suspendido-mate\\\/\"]}]},{\"@type\":\"ImageObject\",\"inLanguage\":\"en-US\",\"@id\":\"https:\\\/\\\/www.thebathcollection.com\\\/productos\\\/antequera-inodoro-suspendido-mate\\\/#primaryimage\",\"url\":\"https:\\\/\\\/www.thebathcollection.com\\\/wp-content\\\/uploads\\\/2025\\\/09\\\/31768_es-4560-inodoro-suspendido-antequera-blanco-de-bathco-Real.jpg\",\"contentUrl\":\"https:\\\/\\\/www.thebathcollection.com\\\/wp-content\\\/uploads\\\/2025\\\/09\\\/31768_es-4560-inodoro-suspendido-antequera-blanco-de-bathco-Real.jpg\",\"width\":1200,\"height\":900},{\"@type\":\"BreadcrumbList\",\"@id\":\"https:\\\/\\\/www.thebathcollection.com\\\/productos\\\/antequera-inodoro-suspendido-mate\\\/#breadcrumb\",\"itemListElement\":[{\"@type\":\"ListItem\",\"position\":1,\"name\":\"Home\",\"item\":\"https:\\\/\\\/www.thebathcollection.com\\\/\"},{\"@type\":\"ListItem\",\"position\":2,\"name\":\"Productos\",\"item\":\"https:\\\/\\\/www.thebathcollection.com\\\/productos\\\/\"},{\"@type\":\"ListItem\",\"position\":3,\"name\":\"Inodoro suspendido Antequera\"}]},{\"@type\":\"WebSite\",\"@id\":\"https:\\\/\\\/www.thebathcollection.com\\\/#website\",\"url\":\"https:\\\/\\\/www.thebathcollection.com\\\/\",\"name\":\"Bathco\",\"description\":\"Lavabos, sanitarios, platos de ducha y accesorios para el cuarto de ba\u00f1o\",\"potentialAction\":[{\"@type\":\"SearchAction\",\"target\":{\"@type\":\"EntryPoint\",\"urlTemplate\":\"https:\\\/\\\/www.thebathcollection.com\\\/?s={search_term_string}\"},\"query-input\":{\"@type\":\"PropertyValueSpecification\",\"valueRequired\":true,\"valueName\":\"search_term_string\"}}],\"inLanguage\":\"en-US\"}]}<\/script>\n<!-- \/ Yoast SEO plugin. -->","yoast_head_json":{"title":"Antequera white matte wall hung toilet - Bathco","robots":{"index":"index","follow":"follow","max-snippet":"max-snippet:-1","max-image-preview":"max-image-preview:large","max-video-preview":"max-video-preview:-1"},"canonical":"https:\/\/www.thebathcollection.com\/en\/products\/antequera-suspended-matte-toilet\/","og_locale":"en_US","og_type":"article","og_title":"Antequera inodoro suspendido blanco mate - Bathco","og_description":"El formato suspendido aporta ligereza visual y mayor amplitud al espacio. Disponible en blanco brillo, blanco mate y negro mate, incorpora sistema rimless, tapa soft close y extracci\u00f3n f\u00e1cil. Un inodoro que combina dise\u00f1o depurado y tecnolog\u00eda pr\u00e1ctica para el d\u00eda a d\u00eda.","og_url":"https:\/\/www.thebathcollection.com\/en\/products\/antequera-suspended-matte-toilet\/","og_site_name":"Bathco","article_modified_time":"2026-02-23T10:27:22+00:00","og_image":[{"width":1200,"height":900,"url":"https:\/\/www.thebathcollection.com\/wp-content\/uploads\/2025\/09\/31768_es-4560-inodoro-suspendido-antequera-blanco-de-bathco-Real.jpg","type":"image\/jpeg"}],"twitter_card":"summary_large_image","twitter_misc":{"Est. reading time":"1 minute"},"schema":{"@context":"https:\/\/schema.org","@graph":[{"@type":"WebPage","@id":"https:\/\/www.thebathcollection.com\/productos\/antequera-inodoro-suspendido-mate\/","url":"https:\/\/www.thebathcollection.com\/productos\/antequera-inodoro-suspendido-mate\/","name":"Antequera white matte wall hung toilet - Bathco","isPartOf":{"@id":"https:\/\/www.thebathcollection.com\/#website"},"primaryImageOfPage":{"@id":"https:\/\/www.thebathcollection.com\/productos\/antequera-inodoro-suspendido-mate\/#primaryimage"},"image":{"@id":"https:\/\/www.thebathcollection.com\/productos\/antequera-inodoro-suspendido-mate\/#primaryimage"},"thumbnailUrl":"https:\/\/www.thebathcollection.com\/wp-content\/uploads\/2025\/09\/31768_es-4560-inodoro-suspendido-antequera-blanco-de-bathco-Real.jpg","datePublished":"2025-09-22T23:09:02+00:00","dateModified":"2026-02-23T10:27:22+00:00","breadcrumb":{"@id":"https:\/\/www.thebathcollection.com\/productos\/antequera-inodoro-suspendido-mate\/#breadcrumb"},"inLanguage":"en-US","potentialAction":[{"@type":"ReadAction","target":["https:\/\/www.thebathcollection.com\/productos\/antequera-inodoro-suspendido-mate\/"]}]},{"@type":"ImageObject","inLanguage":"en-US","@id":"https:\/\/www.thebathcollection.com\/productos\/antequera-inodoro-suspendido-mate\/#primaryimage","url":"https:\/\/www.thebathcollection.com\/wp-content\/uploads\/2025\/09\/31768_es-4560-inodoro-suspendido-antequera-blanco-de-bathco-Real.jpg","contentUrl":"https:\/\/www.thebathcollection.com\/wp-content\/uploads\/2025\/09\/31768_es-4560-inodoro-suspendido-antequera-blanco-de-bathco-Real.jpg","width":1200,"height":900},{"@type":"BreadcrumbList","@id":"https:\/\/www.thebathcollection.com\/productos\/antequera-inodoro-suspendido-mate\/#breadcrumb","itemListElement":[{"@type":"ListItem","position":1,"name":"Home","item":"https:\/\/www.thebathcollection.com\/"},{"@type":"ListItem","position":2,"name":"Productos","item":"https:\/\/www.thebathcollection.com\/productos\/"},{"@type":"ListItem","position":3,"name":"Inodoro suspendido Antequera"}]},{"@type":"WebSite","@id":"https:\/\/www.thebathcollection.com\/#website","url":"https:\/\/www.thebathcollection.com\/","name":"Bathco","description":"Washbasins, toilets, shower trays and bathroom accessories","potentialAction":[{"@type":"SearchAction","target":{"@type":"EntryPoint","urlTemplate":"https:\/\/www.thebathcollection.com\/?s={search_term_string}"},"query-input":{"@type":"PropertyValueSpecification","valueRequired":true,"valueName":"search_term_string"}}],"inLanguage":"en-US"}]}},"_links":{"self":[{"href":"https:\/\/www.thebathcollection.com\/en\/wp-json\/wp\/v2\/product\/871","targetHints":{"allow":["GET"]}}],"collection":[{"href":"https:\/\/www.thebathcollection.com\/en\/wp-json\/wp\/v2\/product"}],"about":[{"href":"https:\/\/www.thebathcollection.com\/en\/wp-json\/wp\/v2\/types\/product"}],"wp:featuredmedia":[{"embeddable":true,"href":"https:\/\/www.thebathcollection.com\/en\/wp-json\/wp\/v2\/media\/873"}],"wp:attachment":[{"href":"https:\/\/www.thebathcollection.com\/en\/wp-json\/wp\/v2\/media?parent=871"}],"wp:term":[{"taxonomy":"acabado","embeddable":true,"href":"https:\/\/www.thebathcollection.com\/en\/wp-json\/wp\/v2\/acabado?post=871"},{"taxonomy":"product_cat","embeddable":true,"href":"https:\/\/www.thebathcollection.com\/en\/wp-json\/wp\/v2\/product_cat?post=871"},{"taxonomy":"coleccion","embeddable":true,"href":"https:\/\/www.thebathcollection.com\/en\/wp-json\/wp\/v2\/coleccion?post=871"},{"taxonomy":"colocacion","embeddable":true,"href":"https:\/\/www.thebathcollection.com\/en\/wp-json\/wp\/v2\/colocacion?post=871"},{"taxonomy":"color","embeddable":true,"href":"https:\/\/www.thebathcollection.com\/en\/wp-json\/wp\/v2\/color?post=871"},{"taxonomy":"product_download","embeddable":true,"href":"https:\/\/www.thebathcollection.com\/en\/wp-json\/wp\/v2\/product_download?post=871"},{"taxonomy":"forma","embeddable":true,"href":"https:\/\/www.thebathcollection.com\/en\/wp-json\/wp\/v2\/forma?post=871"},{"taxonomy":"material","embeddable":true,"href":"https:\/\/www.thebathcollection.com\/en\/wp-json\/wp\/v2\/material?post=871"},{"taxonomy":"modelo","embeddable":true,"href":"https:\/\/www.thebathcollection.com\/en\/wp-json\/wp\/v2\/modelo?post=871"},{"taxonomy":"ubicacion","embeddable":true,"href":"https:\/\/www.thebathcollection.com\/en\/wp-json\/wp\/v2\/ubicacion?post=871"},{"taxonomy":"new_product","embeddable":true,"href":"https:\/\/www.thebathcollection.com\/en\/wp-json\/wp\/v2\/new_product?post=871"}],"curies":[{"name":"wp","href":"https:\/\/api.w.org\/{rel}","templated":true}]}}